{"id":8414,"date":"2023-08-17T16:03:25","date_gmt":"2023-08-17T14:03:25","guid":{"rendered":"https:\/\/leppla-consulting.com\/?page_id=8414"},"modified":"2024-03-07T10:29:45","modified_gmt":"2024-03-07T09:29:45","slug":"ueber-martin","status":"publish","type":"page","link":"https:\/\/leppla-consulting.com\/en\/about\/ueber-martin\/","title":{"rendered":"About Martin"},"content":{"rendered":"<div data-elementor-type=\"wp-page\" data-elementor-id=\"8414\" class=\"elementor elementor-8414\" data-elementor-post-type=\"page\">\n\t\t\t\t\t\t<section class=\"elementor-section elementor-top-section elementor-element elementor-element-f46b1b3 elementor-section-boxed elementor-section-height-default elementor-section-height-default\" data-id=\"f46b1b3\" data-element_type=\"section\" data-e-type=\"section\">\n\t\t\t\t\t\t<div class=\"elementor-container elementor-column-gap-default\">\n\t\t\t\t\t<div class=\"elementor-column elementor-col-50 elementor-top-column elementor-element elementor-element-585c836\" data-id=\"585c836\" data-element_type=\"column\" data-e-type=\"column\">\n\t\t\t<div class=\"elementor-widget-wrap elementor-element-populated\">\n\t\t\t\t\t\t<div class=\"elementor-element elementor-element-dcd953b elementor-widget elementor-widget-image\" data-id=\"dcd953b\" data-element_type=\"widget\" data-e-type=\"widget\" data-widget_type=\"image.default\">\n\t\t\t\t<div class=\"elementor-widget-container\">\n\t\t\t\t\t\t\t\t\t\t\t\t\t\t\t<img fetchpriority=\"high\" decoding=\"async\" width=\"768\" height=\"768\" src=\"https:\/\/leppla-consulting.com\/wp-content\/uploads\/2024\/03\/Martin-Eckert-768x768.jpg\" class=\"attachment-medium_large size-medium_large wp-image-9731\" alt=\"Unser Kollege Martin Eckert\" srcset=\"https:\/\/leppla-consulting.com\/wp-content\/uploads\/2024\/03\/Martin-Eckert-768x768.jpg 768w, https:\/\/leppla-consulting.com\/wp-content\/uploads\/2024\/03\/Martin-Eckert-300x300.jpg 300w, https:\/\/leppla-consulting.com\/wp-content\/uploads\/2024\/03\/Martin-Eckert-1024x1024.jpg 1024w, https:\/\/leppla-consulting.com\/wp-content\/uploads\/2024\/03\/Martin-Eckert-150x150.jpg 150w, https:\/\/leppla-consulting.com\/wp-content\/uploads\/2024\/03\/Martin-Eckert-1536x1536.jpg 1536w, https:\/\/leppla-consulting.com\/wp-content\/uploads\/2024\/03\/Martin-Eckert-2048x2048.jpg 2048w, https:\/\/leppla-consulting.com\/wp-content\/uploads\/2024\/03\/Martin-Eckert-12x12.jpg 12w\" sizes=\"(max-width: 768px) 100vw, 768px\" \/>\t\t\t\t\t\t\t\t\t\t\t\t\t\t\t<\/div>\n\t\t\t\t<\/div>\n\t\t\t\t\t<\/div>\n\t\t<\/div>\n\t\t\t\t<div class=\"elementor-column elementor-col-50 elementor-top-column elementor-element elementor-element-e04453d\" data-id=\"e04453d\" data-element_type=\"column\" data-e-type=\"column\">\n\t\t\t<div class=\"elementor-widget-wrap elementor-element-populated\">\n\t\t\t\t\t\t<div class=\"elementor-element elementor-element-ffba4c9 elementor-widget elementor-widget-heading\" data-id=\"ffba4c9\" data-element_type=\"widget\" data-e-type=\"widget\" id=\"verena\" data-widget_type=\"heading.default\">\n\t\t\t\t<div class=\"elementor-widget-container\">\n\t\t\t\t\t<h2 class=\"elementor-heading-title elementor-size-default\">Martin Eckert<\/h2>\t\t\t\t<\/div>\n\t\t\t\t<\/div>\n\t\t\t\t<div class=\"elementor-element elementor-element-693bcac elementor-widget elementor-widget-text-editor\" data-id=\"693bcac\" data-element_type=\"widget\" data-e-type=\"widget\" data-widget_type=\"text-editor.default\">\n\t\t\t\t<div class=\"elementor-widget-container\">\n\t\t\t\t\t\t\t\t\t<p>Martin und Kathrin arbeiten seit vielen Jahren immer wieder in diversen Workshop-Formaten und Trainings zusammen. Vor allem der Fokus Ver\u00e4nderung oder Transformation verbindet sie, und mit einem ma\u00dfgeschneiderten Produkt f\u00fcr ein Kundenunternehmen konnten sie den 2. Platz beim Constantinus Award f\u00fcr Internationale Projekte sichern.\u00a0<\/p>\t\t\t\t\t\t\t\t<\/div>\n\t\t\t\t<\/div>\n\t\t\t\t<div class=\"elementor-element elementor-element-837107d elementor-align-start elementor-icon-list--layout-traditional elementor-list-item-link-full_width elementor-widget elementor-widget-icon-list\" data-id=\"837107d\" data-element_type=\"widget\" data-e-type=\"widget\" data-widget_type=\"icon-list.default\">\n\t\t\t\t<div class=\"elementor-widget-container\">\n\t\t\t\t\t\t\t<ul class=\"elementor-icon-list-items\">\n\t\t\t\t\t\t\t<li class=\"elementor-icon-list-item\">\n\t\t\t\t\t\t\t\t\t\t\t<a href=\"http:\/\/martin-eckert.at\">\n\n\t\t\t\t\t\t\t\t\t\t\t\t<span class=\"elementor-icon-list-icon\">\n\t\t\t\t\t\t\t<i aria-hidden=\"true\" class=\"far fa-user\"><\/i>\t\t\t\t\t\t<\/span>\n\t\t\t\t\t\t\t\t\t\t<span class=\"elementor-icon-list-text\">Willst Du mehr \u00fcber Martin erfahren, gelangst du HIER direkt zu seiner Website<\/span>\n\t\t\t\t\t\t\t\t\t\t\t<\/a>\n\t\t\t\t\t\t\t\t\t<\/li>\n\t\t\t\t\t\t\t\t<li class=\"elementor-icon-list-item\">\n\t\t\t\t\t\t\t\t\t\t\t<a href=\"http:\/\/www.linkedin.com\/in\/martin-eckert-9a7a3149\">\n\n\t\t\t\t\t\t\t\t\t\t\t\t<span class=\"elementor-icon-list-icon\">\n\t\t\t\t\t\t\t<i aria-hidden=\"true\" class=\"fas fa-check\"><\/i>\t\t\t\t\t\t<\/span>\n\t\t\t\t\t\t\t\t\t\t<span class=\"elementor-icon-list-text\">LinkedIn<\/span>\n\t\t\t\t\t\t\t\t\t\t\t<\/a>\n\t\t\t\t\t\t\t\t\t<\/li>\n\t\t\t\t\t\t<\/ul>\n\t\t\t\t\t\t<\/div>\n\t\t\t\t<\/div>\n\t\t\t\t\t<\/div>\n\t\t<\/div>\n\t\t\t\t\t<\/div>\n\t\t<\/section>\n\t\t\t\t<\/div>","protected":false},"excerpt":{"rendered":"<p>Martin Eckert Martin und Kathrin arbeiten seit vielen Jahren immer wieder in diversen Workshop-Formaten und Trainings zusammen. Vor allem der Fokus Ver\u00e4nderung oder Transformation verbindet sie, und mit einem ma\u00dfgeschneiderten Produkt f\u00fcr ein Kundenunternehmen konnten sie den 2. Platz beim Constantinus Award f\u00fcr Internationale Projekte sichern.\u00a0 Willst Du mehr \u00fcber Martin erfahren, gelangst du HIER [&hellip;]<\/p>\n","protected":false},"author":1,"featured_media":0,"parent":7505,"menu_order":0,"comment_status":"closed","ping_status":"closed","template":"","meta":{"footnotes":""},"class_list":["post-8414","page","type-page","status-publish","hentry"],"yoast_head":"<!-- This site is optimized with the Yoast SEO plugin v27.4 - https:\/\/yoast.com\/product\/yoast-seo-wordpress\/ -->\n<title>\u00dcber Martin - Leppla Consulting Coaching e.U.<\/title>\n<meta name=\"robots\" content=\"index, follow, max-snippet:-1, max-image-preview:large, max-video-preview:-1\" \/>\n<link rel=\"canonical\" href=\"https:\/\/leppla-consulting.com\/en\/about\/ueber-martin\/\" \/>\n<meta property=\"og:locale\" content=\"en_US\" \/>\n<meta property=\"og:type\" content=\"article\" \/>\n<meta property=\"og:title\" content=\"\u00dcber Martin - Leppla Consulting Coaching e.U.\" \/>\n<meta property=\"og:description\" content=\"Martin Eckert Martin und Kathrin arbeiten seit vielen Jahren immer wieder in diversen Workshop-Formaten und Trainings zusammen. Vor allem der Fokus Ver\u00e4nderung oder Transformation verbindet sie, und mit einem ma\u00dfgeschneiderten Produkt f\u00fcr ein Kundenunternehmen konnten sie den 2. Platz beim Constantinus Award f\u00fcr Internationale Projekte sichern.\u00a0 Willst Du mehr \u00fcber Martin erfahren, gelangst du HIER [&hellip;]\" \/>\n<meta property=\"og:url\" content=\"https:\/\/leppla-consulting.com\/en\/about\/ueber-martin\/\" \/>\n<meta property=\"og:site_name\" content=\"Leppla Consulting Coaching e.U.\" \/>\n<meta property=\"article:publisher\" content=\"https:\/\/www.facebook.com\/leppla.consulting\" \/>\n<meta property=\"article:modified_time\" content=\"2024-03-07T09:29:45+00:00\" \/>\n<meta property=\"og:image\" content=\"https:\/\/leppla-consulting.com\/wp-content\/uploads\/2024\/03\/Martin-Eckert-768x768.jpg\" \/>\n<meta name=\"twitter:card\" content=\"summary_large_image\" \/>\n<meta name=\"twitter:site\" content=\"@kathrinleppla\" \/>\n<meta name=\"twitter:label1\" content=\"Est. reading time\" \/>\n\t<meta name=\"twitter:data1\" content=\"1 minute\" \/>\n<script type=\"application\/ld+json\" class=\"yoast-schema-graph\">{\"@context\":\"https:\\\/\\\/schema.org\",\"@graph\":[{\"@type\":\"WebPage\",\"@id\":\"https:\\\/\\\/leppla-consulting.com\\\/about\\\/ueber-martin\\\/\",\"url\":\"https:\\\/\\\/leppla-consulting.com\\\/about\\\/ueber-martin\\\/\",\"name\":\"\u00dcber Martin - Leppla Consulting Coaching e.U.\",\"isPartOf\":{\"@id\":\"https:\\\/\\\/leppla-consulting.com\\\/#website\"},\"primaryImageOfPage\":{\"@id\":\"https:\\\/\\\/leppla-consulting.com\\\/about\\\/ueber-martin\\\/#primaryimage\"},\"image\":{\"@id\":\"https:\\\/\\\/leppla-consulting.com\\\/about\\\/ueber-martin\\\/#primaryimage\"},\"thumbnailUrl\":\"https:\\\/\\\/leppla-consulting.com\\\/wp-content\\\/uploads\\\/2024\\\/03\\\/Martin-Eckert-768x768.jpg\",\"datePublished\":\"2023-08-17T14:03:25+00:00\",\"dateModified\":\"2024-03-07T09:29:45+00:00\",\"breadcrumb\":{\"@id\":\"https:\\\/\\\/leppla-consulting.com\\\/about\\\/ueber-martin\\\/#breadcrumb\"},\"inLanguage\":\"en-US\",\"potentialAction\":[{\"@type\":\"ReadAction\",\"target\":[\"https:\\\/\\\/leppla-consulting.com\\\/about\\\/ueber-martin\\\/\"]}]},{\"@type\":\"ImageObject\",\"inLanguage\":\"en-US\",\"@id\":\"https:\\\/\\\/leppla-consulting.com\\\/about\\\/ueber-martin\\\/#primaryimage\",\"url\":\"https:\\\/\\\/leppla-consulting.com\\\/wp-content\\\/uploads\\\/2024\\\/03\\\/Martin-Eckert-768x768.jpg\",\"contentUrl\":\"https:\\\/\\\/leppla-consulting.com\\\/wp-content\\\/uploads\\\/2024\\\/03\\\/Martin-Eckert-768x768.jpg\"},{\"@type\":\"BreadcrumbList\",\"@id\":\"https:\\\/\\\/leppla-consulting.com\\\/about\\\/ueber-martin\\\/#breadcrumb\",\"itemListElement\":[{\"@type\":\"ListItem\",\"position\":1,\"name\":\"Home\",\"item\":\"https:\\\/\\\/leppla-consulting.com\\\/\"},{\"@type\":\"ListItem\",\"position\":2,\"name\":\"About\",\"item\":\"https:\\\/\\\/leppla-consulting.com\\\/about\\\/\"},{\"@type\":\"ListItem\",\"position\":3,\"name\":\"\u00dcber Martin\"}]},{\"@type\":\"WebSite\",\"@id\":\"https:\\\/\\\/leppla-consulting.com\\\/#website\",\"url\":\"https:\\\/\\\/leppla-consulting.com\\\/\",\"name\":\"Leppla Consulting Coaching e.U.\",\"description\":\"\",\"publisher\":{\"@id\":\"https:\\\/\\\/leppla-consulting.com\\\/#organization\"},\"potentialAction\":[{\"@type\":\"SearchAction\",\"target\":{\"@type\":\"EntryPoint\",\"urlTemplate\":\"https:\\\/\\\/leppla-consulting.com\\\/?s={search_term_string}\"},\"query-input\":{\"@type\":\"PropertyValueSpecification\",\"valueRequired\":true,\"valueName\":\"search_term_string\"}}],\"inLanguage\":\"en-US\"},{\"@type\":\"Organization\",\"@id\":\"https:\\\/\\\/leppla-consulting.com\\\/#organization\",\"name\":\"Leppla Consulting\",\"url\":\"https:\\\/\\\/leppla-consulting.com\\\/\",\"logo\":{\"@type\":\"ImageObject\",\"inLanguage\":\"en-US\",\"@id\":\"https:\\\/\\\/leppla-consulting.com\\\/#\\\/schema\\\/logo\\\/image\\\/\",\"url\":\"https:\\\/\\\/leppla-consulting.com\\\/wp-content\\\/uploads\\\/2021\\\/01\\\/Logo.svg\",\"contentUrl\":\"https:\\\/\\\/leppla-consulting.com\\\/wp-content\\\/uploads\\\/2021\\\/01\\\/Logo.svg\",\"width\":310,\"height\":101,\"caption\":\"Leppla Consulting\"},\"image\":{\"@id\":\"https:\\\/\\\/leppla-consulting.com\\\/#\\\/schema\\\/logo\\\/image\\\/\"},\"sameAs\":[\"https:\\\/\\\/www.facebook.com\\\/leppla.consulting\",\"https:\\\/\\\/x.com\\\/kathrinleppla\",\"https:\\\/\\\/www.instagram.com\\\/werteagentur\\\/\"]}]}<\/script>\n<!-- \/ Yoast SEO plugin. -->","yoast_head_json":{"title":"\u00dcber Martin - Leppla Consulting Coaching e.U.","robots":{"index":"index","follow":"follow","max-snippet":"max-snippet:-1","max-image-preview":"max-image-preview:large","max-video-preview":"max-video-preview:-1"},"canonical":"https:\/\/leppla-consulting.com\/en\/about\/ueber-martin\/","og_locale":"en_US","og_type":"article","og_title":"\u00dcber Martin - Leppla Consulting Coaching e.U.","og_description":"Martin Eckert Martin und Kathrin arbeiten seit vielen Jahren immer wieder in diversen Workshop-Formaten und Trainings zusammen. Vor allem der Fokus Ver\u00e4nderung oder Transformation verbindet sie, und mit einem ma\u00dfgeschneiderten Produkt f\u00fcr ein Kundenunternehmen konnten sie den 2. Platz beim Constantinus Award f\u00fcr Internationale Projekte sichern.\u00a0 Willst Du mehr \u00fcber Martin erfahren, gelangst du HIER [&hellip;]","og_url":"https:\/\/leppla-consulting.com\/en\/about\/ueber-martin\/","og_site_name":"Leppla Consulting Coaching e.U.","article_publisher":"https:\/\/www.facebook.com\/leppla.consulting","article_modified_time":"2024-03-07T09:29:45+00:00","og_image":[{"url":"https:\/\/leppla-consulting.com\/wp-content\/uploads\/2024\/03\/Martin-Eckert-768x768.jpg","type":"","width":"","height":""}],"twitter_card":"summary_large_image","twitter_site":"@kathrinleppla","twitter_misc":{"Est. reading time":"1 minute"},"schema":{"@context":"https:\/\/schema.org","@graph":[{"@type":"WebPage","@id":"https:\/\/leppla-consulting.com\/about\/ueber-martin\/","url":"https:\/\/leppla-consulting.com\/about\/ueber-martin\/","name":"\u00dcber Martin - Leppla Consulting Coaching e.U.","isPartOf":{"@id":"https:\/\/leppla-consulting.com\/#website"},"primaryImageOfPage":{"@id":"https:\/\/leppla-consulting.com\/about\/ueber-martin\/#primaryimage"},"image":{"@id":"https:\/\/leppla-consulting.com\/about\/ueber-martin\/#primaryimage"},"thumbnailUrl":"https:\/\/leppla-consulting.com\/wp-content\/uploads\/2024\/03\/Martin-Eckert-768x768.jpg","datePublished":"2023-08-17T14:03:25+00:00","dateModified":"2024-03-07T09:29:45+00:00","breadcrumb":{"@id":"https:\/\/leppla-consulting.com\/about\/ueber-martin\/#breadcrumb"},"inLanguage":"en-US","potentialAction":[{"@type":"ReadAction","target":["https:\/\/leppla-consulting.com\/about\/ueber-martin\/"]}]},{"@type":"ImageObject","inLanguage":"en-US","@id":"https:\/\/leppla-consulting.com\/about\/ueber-martin\/#primaryimage","url":"https:\/\/leppla-consulting.com\/wp-content\/uploads\/2024\/03\/Martin-Eckert-768x768.jpg","contentUrl":"https:\/\/leppla-consulting.com\/wp-content\/uploads\/2024\/03\/Martin-Eckert-768x768.jpg"},{"@type":"BreadcrumbList","@id":"https:\/\/leppla-consulting.com\/about\/ueber-martin\/#breadcrumb","itemListElement":[{"@type":"ListItem","position":1,"name":"Home","item":"https:\/\/leppla-consulting.com\/"},{"@type":"ListItem","position":2,"name":"About","item":"https:\/\/leppla-consulting.com\/about\/"},{"@type":"ListItem","position":3,"name":"\u00dcber Martin"}]},{"@type":"WebSite","@id":"https:\/\/leppla-consulting.com\/#website","url":"https:\/\/leppla-consulting.com\/","name":"Leppla Consulting Coaching e.U.","description":"","publisher":{"@id":"https:\/\/leppla-consulting.com\/#organization"},"potentialAction":[{"@type":"SearchAction","target":{"@type":"EntryPoint","urlTemplate":"https:\/\/leppla-consulting.com\/?s={search_term_string}"},"query-input":{"@type":"PropertyValueSpecification","valueRequired":true,"valueName":"search_term_string"}}],"inLanguage":"en-US"},{"@type":"Organization","@id":"https:\/\/leppla-consulting.com\/#organization","name":"Leppla Consulting","url":"https:\/\/leppla-consulting.com\/","logo":{"@type":"ImageObject","inLanguage":"en-US","@id":"https:\/\/leppla-consulting.com\/#\/schema\/logo\/image\/","url":"https:\/\/leppla-consulting.com\/wp-content\/uploads\/2021\/01\/Logo.svg","contentUrl":"https:\/\/leppla-consulting.com\/wp-content\/uploads\/2021\/01\/Logo.svg","width":310,"height":101,"caption":"Leppla Consulting"},"image":{"@id":"https:\/\/leppla-consulting.com\/#\/schema\/logo\/image\/"},"sameAs":["https:\/\/www.facebook.com\/leppla.consulting","https:\/\/x.com\/kathrinleppla","https:\/\/www.instagram.com\/werteagentur\/"]}]}},"_links":{"self":[{"href":"https:\/\/leppla-consulting.com\/en\/wp-json\/wp\/v2\/pages\/8414","targetHints":{"allow":["GET"]}}],"collection":[{"href":"https:\/\/leppla-consulting.com\/en\/wp-json\/wp\/v2\/pages"}],"about":[{"href":"https:\/\/leppla-consulting.com\/en\/wp-json\/wp\/v2\/types\/page"}],"author":[{"embeddable":true,"href":"https:\/\/leppla-consulting.com\/en\/wp-json\/wp\/v2\/users\/1"}],"replies":[{"embeddable":true,"href":"https:\/\/leppla-consulting.com\/en\/wp-json\/wp\/v2\/comments?post=8414"}],"version-history":[{"count":13,"href":"https:\/\/leppla-consulting.com\/en\/wp-json\/wp\/v2\/pages\/8414\/revisions"}],"predecessor-version":[{"id":9734,"href":"https:\/\/leppla-consulting.com\/en\/wp-json\/wp\/v2\/pages\/8414\/revisions\/9734"}],"up":[{"embeddable":true,"href":"https:\/\/leppla-consulting.com\/en\/wp-json\/wp\/v2\/pages\/7505"}],"wp:attachment":[{"href":"https:\/\/leppla-consulting.com\/en\/wp-json\/wp\/v2\/media?parent=8414"}],"curies":[{"name":"wp","href":"https:\/\/api.w.org\/{rel}","templated":true}]}}