{"id":51,"date":"2021-02-01T11:05:43","date_gmt":"2021-02-01T11:05:43","guid":{"rendered":"https:\/\/leppla.consulting.webhost3.casc.at\/?page_id=51"},"modified":"2026-02-11T14:57:59","modified_gmt":"2026-02-11T13:57:59","slug":"coaching","status":"publish","type":"page","link":"https:\/\/leppla-consulting.com\/en\/coaching\/","title":{"rendered":"F\u00fcr Einzelpersonen"},"content":{"rendered":"<div data-elementor-type=\"wp-page\" data-elementor-id=\"51\" class=\"elementor elementor-51\" data-elementor-post-type=\"page\">\n\t\t\t\t\t\t<section class=\"elementor-section elementor-top-section elementor-element elementor-element-5cf2e673 elementor-section-boxed elementor-section-height-default elementor-section-height-default\" data-id=\"5cf2e673\" data-element_type=\"section\" data-e-type=\"section\">\n\t\t\t\t\t\t<div class=\"elementor-container elementor-column-gap-no\">\n\t\t\t\t\t<div class=\"elementor-column elementor-col-100 elementor-top-column elementor-element elementor-element-329389e\" data-id=\"329389e\" data-element_type=\"column\" data-e-type=\"column\">\n\t\t\t<div class=\"elementor-widget-wrap elementor-element-populated\">\n\t\t\t\t\t\t<div class=\"elementor-element elementor-element-389b3624 elementor-widget elementor-widget-heading\" data-id=\"389b3624\" data-element_type=\"widget\" data-e-type=\"widget\" data-widget_type=\"heading.default\">\n\t\t\t\t<div class=\"elementor-widget-container\">\n\t\t\t\t\t<h1 class=\"elementor-heading-title elementor-size-default\">For individuals<\/h1>\t\t\t\t<\/div>\n\t\t\t\t<\/div>\n\t\t\t\t<div class=\"elementor-element elementor-element-6d7a3775 elementor-widget elementor-widget-heading\" data-id=\"6d7a3775\" data-element_type=\"widget\" data-e-type=\"widget\" data-widget_type=\"heading.default\">\n\t\t\t\t<div class=\"elementor-widget-container\">\n\t\t\t\t\t<h2 class=\"elementor-heading-title elementor-size-default\">Coaching, psychological counseling* and seminars\n<\/h2>\t\t\t\t<\/div>\n\t\t\t\t<\/div>\n\t\t\t\t<div class=\"elementor-element elementor-element-38080be5 elementor-widget elementor-widget-text-editor\" data-id=\"38080be5\" data-element_type=\"widget\" data-e-type=\"widget\" data-widget_type=\"text-editor.default\">\n\t\t\t\t<div class=\"elementor-widget-container\">\n\t\t\t\t\t\t\t\t\t<p>For our private clients and individuals who wish to develop themselves independently of employment, organization, or company, we have a dedicated website with all the information about our services for private payers. Clicking on the image below will open the offer.\u00a0<\/p>\t\t\t\t\t\t\t\t<\/div>\n\t\t\t\t<\/div>\n\t\t\t\t\t<\/div>\n\t\t<\/div>\n\t\t\t\t\t<\/div>\n\t\t<\/section>\n\t\t\t\t<section class=\"elementor-section elementor-top-section elementor-element elementor-element-71dc19e elementor-section-boxed elementor-section-height-default elementor-section-height-default\" data-id=\"71dc19e\" data-element_type=\"section\" data-e-type=\"section\">\n\t\t\t\t\t\t<div class=\"elementor-container elementor-column-gap-default\">\n\t\t\t\t\t<div class=\"elementor-column elementor-col-100 elementor-top-column elementor-element elementor-element-875c1f9\" data-id=\"875c1f9\" data-element_type=\"column\" data-e-type=\"column\">\n\t\t\t<div class=\"elementor-widget-wrap elementor-element-populated\">\n\t\t\t\t\t\t<div class=\"elementor-element elementor-element-ca53321 elementor-widget elementor-widget-image\" data-id=\"ca53321\" data-element_type=\"widget\" data-e-type=\"widget\" data-widget_type=\"image.default\">\n\t\t\t\t<div class=\"elementor-widget-container\">\n\t\t\t\t\t\t\t\t\t\t\t\t\t\t\t\t<a href=\"http:\/\/www.leppla-coaching.at\" target=\"_blank\">\n\t\t\t\t\t\t\t<img fetchpriority=\"high\" decoding=\"async\" width=\"800\" height=\"468\" src=\"https:\/\/leppla-consulting.com\/wp-content\/uploads\/2021\/03\/question-2736480_1920-1024x599.jpg\" class=\"attachment-large size-large wp-image-3916\" alt=\"Link zur leppla-coaching.at homepage\" srcset=\"https:\/\/leppla-consulting.com\/wp-content\/uploads\/2021\/03\/question-2736480_1920-1024x599.jpg 1024w, https:\/\/leppla-consulting.com\/wp-content\/uploads\/2021\/03\/question-2736480_1920-300x175.jpg 300w, https:\/\/leppla-consulting.com\/wp-content\/uploads\/2021\/03\/question-2736480_1920-768x449.jpg 768w, https:\/\/leppla-consulting.com\/wp-content\/uploads\/2021\/03\/question-2736480_1920-1536x898.jpg 1536w, https:\/\/leppla-consulting.com\/wp-content\/uploads\/2021\/03\/question-2736480_1920-16x9.jpg 16w, https:\/\/leppla-consulting.com\/wp-content\/uploads\/2021\/03\/question-2736480_1920.jpg 1920w\" sizes=\"(max-width: 800px) 100vw, 800px\" \/>\t\t\t\t\t\t\t\t<\/a>\n\t\t\t\t\t\t\t\t\t\t\t\t\t\t\t<\/div>\n\t\t\t\t<\/div>\n\t\t\t\t\t<\/div>\n\t\t<\/div>\n\t\t\t\t\t<\/div>\n\t\t<\/section>\n\t\t\t\t<section class=\"elementor-section elementor-top-section elementor-element elementor-element-d2b67e0 elementor-section-boxed elementor-section-height-default elementor-section-height-default\" data-id=\"d2b67e0\" data-element_type=\"section\" data-e-type=\"section\">\n\t\t\t\t\t\t<div class=\"elementor-container elementor-column-gap-default\">\n\t\t\t\t\t<div class=\"elementor-column elementor-col-50 elementor-top-column elementor-element elementor-element-c17d3a6\" data-id=\"c17d3a6\" data-element_type=\"column\" data-e-type=\"column\">\n\t\t\t<div class=\"elementor-widget-wrap elementor-element-populated\">\n\t\t\t\t\t\t<div class=\"elementor-element elementor-element-316dd63 elementor-widget elementor-widget-heading\" data-id=\"316dd63\" data-element_type=\"widget\" data-e-type=\"widget\" data-widget_type=\"heading.default\">\n\t\t\t\t<div class=\"elementor-widget-container\">\n\t\t\t\t\t<h5 class=\"elementor-heading-title elementor-size-default\">Do you want to delve deeper into coaching right away? Then perhaps our LeConnex Coaching Basic Course is something for you:<\/h5>\t\t\t\t<\/div>\n\t\t\t\t<\/div>\n\t\t\t\t<div class=\"elementor-element elementor-element-cb930fc button-info-no-border elementor-align-center elementor-button-success elementor-widget elementor-widget-button\" data-id=\"cb930fc\" data-element_type=\"widget\" data-e-type=\"widget\" data-widget_type=\"button.default\">\n\t\t\t\t<div class=\"elementor-widget-container\">\n\t\t\t\t\t\t\t\t\t<div class=\"elementor-button-wrapper\">\n\t\t\t\t\t<a class=\"elementor-button elementor-button-link elementor-size-sm\" href=\"https:\/\/leppla-coaching.at\/leconnex-coaching-basiskurs\/\">\n\t\t\t\t\t\t<span class=\"elementor-button-content-wrapper\">\n\t\t\t\t\t\t\t\t\t<span class=\"elementor-button-text\">Read more about LeConnex - Coaching Basics Training<\/span>\n\t\t\t\t\t<\/span>\n\t\t\t\t\t<\/a>\n\t\t\t\t<\/div>\n\t\t\t\t\t\t\t\t<\/div>\n\t\t\t\t<\/div>\n\t\t\t\t\t<\/div>\n\t\t<\/div>\n\t\t\t\t<div class=\"elementor-column elementor-col-50 elementor-top-column elementor-element elementor-element-f80560b\" data-id=\"f80560b\" data-element_type=\"column\" data-e-type=\"column\">\n\t\t\t<div class=\"elementor-widget-wrap elementor-element-populated\">\n\t\t\t\t\t\t<div class=\"elementor-element elementor-element-03f2bf0 elementor-widget elementor-widget-image\" data-id=\"03f2bf0\" data-element_type=\"widget\" data-e-type=\"widget\" data-widget_type=\"image.default\">\n\t\t\t\t<div class=\"elementor-widget-container\">\n\t\t\t\t\t\t\t\t\t\t\t\t\t\t\t\t<a href=\"https:\/\/leppla-coaching.at\/leconnex-coaching-basiskurs\/\">\n\t\t\t\t\t\t\t<img decoding=\"async\" width=\"800\" height=\"534\" src=\"https:\/\/leppla-consulting.com\/wp-content\/uploads\/2022\/10\/Teamcoaching-HP-1024x683.jpg\" class=\"attachment-large size-large wp-image-6025\" alt=\"LeConnex\" srcset=\"https:\/\/leppla-consulting.com\/wp-content\/uploads\/2022\/10\/Teamcoaching-HP-1024x683.jpg 1024w, https:\/\/leppla-consulting.com\/wp-content\/uploads\/2022\/10\/Teamcoaching-HP-300x200.jpg 300w, https:\/\/leppla-consulting.com\/wp-content\/uploads\/2022\/10\/Teamcoaching-HP-768x512.jpg 768w, https:\/\/leppla-consulting.com\/wp-content\/uploads\/2022\/10\/Teamcoaching-HP-1536x1024.jpg 1536w, https:\/\/leppla-consulting.com\/wp-content\/uploads\/2022\/10\/Teamcoaching-HP-2048x1365.jpg 2048w, https:\/\/leppla-consulting.com\/wp-content\/uploads\/2022\/10\/Teamcoaching-HP-18x12.jpg 18w\" sizes=\"(max-width: 800px) 100vw, 800px\" \/>\t\t\t\t\t\t\t\t<\/a>\n\t\t\t\t\t\t\t\t\t\t\t\t\t\t\t<\/div>\n\t\t\t\t<\/div>\n\t\t\t\t\t<\/div>\n\t\t<\/div>\n\t\t\t\t\t<\/div>\n\t\t<\/section>\n\t\t\t\t<section class=\"elementor-section elementor-top-section elementor-element elementor-element-96e0489 elementor-section-boxed elementor-section-height-default elementor-section-height-default\" data-id=\"96e0489\" data-element_type=\"section\" data-e-type=\"section\">\n\t\t\t\t\t\t<div class=\"elementor-container elementor-column-gap-default\">\n\t\t\t\t\t<div class=\"elementor-column elementor-col-100 elementor-top-column elementor-element elementor-element-2638531\" data-id=\"2638531\" data-element_type=\"column\" data-e-type=\"column\">\n\t\t\t<div class=\"elementor-widget-wrap elementor-element-populated\">\n\t\t\t\t\t\t<div class=\"elementor-element elementor-element-119113d elementor-widget elementor-widget-heading\" data-id=\"119113d\" data-element_type=\"widget\" data-e-type=\"widget\" data-widget_type=\"heading.default\">\n\t\t\t\t<div class=\"elementor-widget-container\">\n\t\t\t\t\t<h2 class=\"elementor-heading-title elementor-size-default\">Seminars for individuals with an organizational focus<\/h2>\t\t\t\t<\/div>\n\t\t\t\t<\/div>\n\t\t\t\t<section class=\"elementor-section elementor-inner-section elementor-element elementor-element-1f7af72 elementor-section-boxed elementor-section-height-default elementor-section-height-default\" data-id=\"1f7af72\" data-element_type=\"section\" data-e-type=\"section\">\n\t\t\t\t\t\t<div class=\"elementor-container elementor-column-gap-default\">\n\t\t\t\t\t<div class=\"elementor-column elementor-col-50 elementor-inner-column elementor-element elementor-element-f846565\" data-id=\"f846565\" data-element_type=\"column\" data-e-type=\"column\">\n\t\t\t<div class=\"elementor-widget-wrap elementor-element-populated\">\n\t\t\t\t\t\t<div class=\"elementor-element elementor-element-8eeba47 elementor-widget elementor-widget-image\" data-id=\"8eeba47\" data-element_type=\"widget\" data-e-type=\"widget\" data-widget_type=\"image.default\">\n\t\t\t\t<div class=\"elementor-widget-container\">\n\t\t\t\t\t\t\t\t\t\t\t\t\t\t\t\t<a href=\"https:\/\/leppla-consulting.com\/en\/coaching\/leadingwithvision\/\">\n\t\t\t\t\t\t\t<img decoding=\"async\" width=\"768\" height=\"1024\" src=\"https:\/\/leppla-consulting.com\/wp-content\/uploads\/2023\/08\/Leading-with-Vision-IMG_4816-768x1024.jpg\" class=\"attachment-large size-large wp-image-8046\" alt=\"Nahaufnahme eines Spazierweges mit bemalten Kieselsteinen, die in die Ferne f\u00fchren und eine Vision vermitteln.\" srcset=\"https:\/\/leppla-consulting.com\/wp-content\/uploads\/2023\/08\/Leading-with-Vision-IMG_4816-768x1024.jpg 768w, https:\/\/leppla-consulting.com\/wp-content\/uploads\/2023\/08\/Leading-with-Vision-IMG_4816-225x300.jpg 225w, https:\/\/leppla-consulting.com\/wp-content\/uploads\/2023\/08\/Leading-with-Vision-IMG_4816-1152x1536.jpg 1152w, https:\/\/leppla-consulting.com\/wp-content\/uploads\/2023\/08\/Leading-with-Vision-IMG_4816-1536x2048.jpg 1536w, https:\/\/leppla-consulting.com\/wp-content\/uploads\/2023\/08\/Leading-with-Vision-IMG_4816-9x12.jpg 9w, https:\/\/leppla-consulting.com\/wp-content\/uploads\/2023\/08\/Leading-with-Vision-IMG_4816-scaled.jpg 1920w\" sizes=\"(max-width: 768px) 100vw, 768px\" \/>\t\t\t\t\t\t\t\t<\/a>\n\t\t\t\t\t\t\t\t\t\t\t\t\t\t\t<\/div>\n\t\t\t\t<\/div>\n\t\t\t\t<div class=\"elementor-element elementor-element-5f9852a elementor-widget elementor-widget-text-editor\" data-id=\"5f9852a\" data-element_type=\"widget\" data-e-type=\"widget\" data-widget_type=\"text-editor.default\">\n\t\t\t\t<div class=\"elementor-widget-container\">\n\t\t\t\t\t\t\t\t\t<p>Leading with Vision: A leadership seminar<\/p><p>\u00a0<\/p><p>Develop your unique leadership style within your organization!<\/p>\t\t\t\t\t\t\t\t<\/div>\n\t\t\t\t<\/div>\n\t\t\t\t\t<\/div>\n\t\t<\/div>\n\t\t\t\t<div class=\"elementor-column elementor-col-50 elementor-inner-column elementor-element elementor-element-b580fbf\" data-id=\"b580fbf\" data-element_type=\"column\" data-e-type=\"column\">\n\t\t\t<div class=\"elementor-widget-wrap elementor-element-populated\">\n\t\t\t\t\t\t<div class=\"elementor-element elementor-element-c26b08d elementor-widget elementor-widget-image\" data-id=\"c26b08d\" data-element_type=\"widget\" data-e-type=\"widget\" data-widget_type=\"image.default\">\n\t\t\t\t<div class=\"elementor-widget-container\">\n\t\t\t\t\t\t\t\t\t\t\t\t\t\t\t\t<a href=\"https:\/\/leppla-consulting.com\/en\/coaching\/change-intense\/\">\n\t\t\t\t\t\t\t<img loading=\"lazy\" decoding=\"async\" width=\"768\" height=\"1024\" src=\"https:\/\/leppla-consulting.com\/wp-content\/uploads\/2023\/08\/Change-Intense-2-schwarz-weiss-768x1024.jpeg\" class=\"attachment-large size-large wp-image-8458\" alt=\"Change Intense Kurs\" srcset=\"https:\/\/leppla-consulting.com\/wp-content\/uploads\/2023\/08\/Change-Intense-2-schwarz-weiss-768x1024.jpeg 768w, https:\/\/leppla-consulting.com\/wp-content\/uploads\/2023\/08\/Change-Intense-2-schwarz-weiss-225x300.jpeg 225w, https:\/\/leppla-consulting.com\/wp-content\/uploads\/2023\/08\/Change-Intense-2-schwarz-weiss-1152x1536.jpeg 1152w, https:\/\/leppla-consulting.com\/wp-content\/uploads\/2023\/08\/Change-Intense-2-schwarz-weiss-1536x2048.jpeg 1536w, https:\/\/leppla-consulting.com\/wp-content\/uploads\/2023\/08\/Change-Intense-2-schwarz-weiss-9x12.jpeg 9w, https:\/\/leppla-consulting.com\/wp-content\/uploads\/2023\/08\/Change-Intense-2-schwarz-weiss-scaled.jpeg 1920w\" sizes=\"(max-width: 768px) 100vw, 768px\" \/>\t\t\t\t\t\t\t\t<\/a>\n\t\t\t\t\t\t\t\t\t\t\t\t\t\t\t<\/div>\n\t\t\t\t<\/div>\n\t\t\t\t<div class=\"elementor-element elementor-element-71bacc1 elementor-widget elementor-widget-text-editor\" data-id=\"71bacc1\" data-element_type=\"widget\" data-e-type=\"widget\" data-widget_type=\"text-editor.default\">\n\t\t\t\t<div class=\"elementor-widget-container\">\n\t\t\t\t\t\t\t\t\t<p>Change Intense:\u00a0<\/p><p>\u00a0<\/p><p>A working seminar for intensive exchange and active engagement with changes<\/p>\t\t\t\t\t\t\t\t<\/div>\n\t\t\t\t<\/div>\n\t\t\t\t\t<\/div>\n\t\t<\/div>\n\t\t\t\t\t<\/div>\n\t\t<\/section>\n\t\t\t\t\t<\/div>\n\t\t<\/div>\n\t\t\t\t\t<\/div>\n\t\t<\/section>\n\t\t\t\t<\/div>","protected":false},"excerpt":{"rendered":"<p>F\u00fcr Privatpersonen Coaching, psychologische Beratung* und Seminare F\u00fcr unsere Privatkund:innen und Klient:innen sowie Individualist:innen, die sich unabh\u00e4ngig von Anstellung, Organisation oder Unternehmen pers\u00f6nlich weiterentwickeln m\u00f6chten, haben wir eine eigene Homepage mit allen Informationen zu unserem Angebot f\u00fcr Privatzahler:innen. Ein Klick auf das Bild unten \u00f6ffnet das Angebot.\u00a0 Du willst beim Coaching gleich tiefer einsteigen? Dann [&hellip;]<\/p>\n","protected":false},"author":1,"featured_media":0,"parent":0,"menu_order":0,"comment_status":"closed","ping_status":"closed","template":"","meta":{"footnotes":""},"class_list":["post-51","page","type-page","status-publish","hentry"],"yoast_head":"<!-- This site is optimized with the Yoast SEO plugin v27.4 - https:\/\/yoast.com\/product\/yoast-seo-wordpress\/ -->\n<title>F\u00fcr Einzelpersonen - Leppla Consulting Coaching e.U.<\/title>\n<meta name=\"description\" content=\"Coaching.Unser Angebot richtet sich sowohl an Unternehmen f\u00fcr ihre Mitarbeiter*Innen, als auch an Privatkund*Innen.\" \/>\n<meta name=\"robots\" content=\"index, follow, max-snippet:-1, max-image-preview:large, max-video-preview:-1\" \/>\n<link rel=\"canonical\" href=\"https:\/\/leppla-consulting.com\/en\/coaching\/\" \/>\n<meta property=\"og:locale\" content=\"en_US\" \/>\n<meta property=\"og:type\" content=\"article\" \/>\n<meta property=\"og:title\" content=\"F\u00fcr Einzelpersonen - Leppla Consulting Coaching e.U.\" \/>\n<meta property=\"og:description\" content=\"Coaching.Unser Angebot richtet sich sowohl an Unternehmen f\u00fcr ihre Mitarbeiter*Innen, als auch an Privatkund*Innen.\" \/>\n<meta property=\"og:url\" content=\"https:\/\/leppla-consulting.com\/en\/coaching\/\" \/>\n<meta property=\"og:site_name\" content=\"Leppla Consulting Coaching e.U.\" \/>\n<meta property=\"article:publisher\" content=\"https:\/\/www.facebook.com\/leppla.consulting\" \/>\n<meta property=\"article:modified_time\" content=\"2026-02-11T13:57:59+00:00\" \/>\n<meta property=\"og:image\" content=\"https:\/\/leppla-consulting.com\/wp-content\/uploads\/2021\/03\/question-2736480_1920.jpg\" \/>\n\t<meta property=\"og:image:width\" content=\"1920\" \/>\n\t<meta property=\"og:image:height\" content=\"1123\" \/>\n\t<meta property=\"og:image:type\" content=\"image\/jpeg\" \/>\n<meta name=\"twitter:card\" content=\"summary_large_image\" \/>\n<meta name=\"twitter:site\" content=\"@kathrinleppla\" \/>\n<meta name=\"twitter:label1\" content=\"Est. reading time\" \/>\n\t<meta name=\"twitter:data1\" content=\"2 minutes\" \/>\n<script type=\"application\/ld+json\" class=\"yoast-schema-graph\">{\"@context\":\"https:\\\/\\\/schema.org\",\"@graph\":[{\"@type\":\"WebPage\",\"@id\":\"https:\\\/\\\/leppla-consulting.com\\\/coaching\\\/\",\"url\":\"https:\\\/\\\/leppla-consulting.com\\\/coaching\\\/\",\"name\":\"F\u00fcr Einzelpersonen - Leppla Consulting Coaching e.U.\",\"isPartOf\":{\"@id\":\"https:\\\/\\\/leppla-consulting.com\\\/#website\"},\"primaryImageOfPage\":{\"@id\":\"https:\\\/\\\/leppla-consulting.com\\\/coaching\\\/#primaryimage\"},\"image\":{\"@id\":\"https:\\\/\\\/leppla-consulting.com\\\/coaching\\\/#primaryimage\"},\"thumbnailUrl\":\"https:\\\/\\\/leppla-consulting.com\\\/wp-content\\\/uploads\\\/2021\\\/03\\\/question-2736480_1920-1024x599.jpg\",\"datePublished\":\"2021-02-01T11:05:43+00:00\",\"dateModified\":\"2026-02-11T13:57:59+00:00\",\"description\":\"Coaching.Unser Angebot richtet sich sowohl an Unternehmen f\u00fcr ihre Mitarbeiter*Innen, als auch an Privatkund*Innen.\",\"breadcrumb\":{\"@id\":\"https:\\\/\\\/leppla-consulting.com\\\/coaching\\\/#breadcrumb\"},\"inLanguage\":\"en-US\",\"potentialAction\":[{\"@type\":\"ReadAction\",\"target\":[\"https:\\\/\\\/leppla-consulting.com\\\/coaching\\\/\"]}]},{\"@type\":\"ImageObject\",\"inLanguage\":\"en-US\",\"@id\":\"https:\\\/\\\/leppla-consulting.com\\\/coaching\\\/#primaryimage\",\"url\":\"https:\\\/\\\/leppla-consulting.com\\\/wp-content\\\/uploads\\\/2021\\\/03\\\/question-2736480_1920-1024x599.jpg\",\"contentUrl\":\"https:\\\/\\\/leppla-consulting.com\\\/wp-content\\\/uploads\\\/2021\\\/03\\\/question-2736480_1920-1024x599.jpg\"},{\"@type\":\"BreadcrumbList\",\"@id\":\"https:\\\/\\\/leppla-consulting.com\\\/coaching\\\/#breadcrumb\",\"itemListElement\":[{\"@type\":\"ListItem\",\"position\":1,\"name\":\"Home\",\"item\":\"https:\\\/\\\/leppla-consulting.com\\\/\"},{\"@type\":\"ListItem\",\"position\":2,\"name\":\"F\u00fcr Einzelpersonen\"}]},{\"@type\":\"WebSite\",\"@id\":\"https:\\\/\\\/leppla-consulting.com\\\/#website\",\"url\":\"https:\\\/\\\/leppla-consulting.com\\\/\",\"name\":\"Leppla Consulting Coaching e.U.\",\"description\":\"\",\"publisher\":{\"@id\":\"https:\\\/\\\/leppla-consulting.com\\\/#organization\"},\"potentialAction\":[{\"@type\":\"SearchAction\",\"target\":{\"@type\":\"EntryPoint\",\"urlTemplate\":\"https:\\\/\\\/leppla-consulting.com\\\/?s={search_term_string}\"},\"query-input\":{\"@type\":\"PropertyValueSpecification\",\"valueRequired\":true,\"valueName\":\"search_term_string\"}}],\"inLanguage\":\"en-US\"},{\"@type\":\"Organization\",\"@id\":\"https:\\\/\\\/leppla-consulting.com\\\/#organization\",\"name\":\"Leppla Consulting\",\"url\":\"https:\\\/\\\/leppla-consulting.com\\\/\",\"logo\":{\"@type\":\"ImageObject\",\"inLanguage\":\"en-US\",\"@id\":\"https:\\\/\\\/leppla-consulting.com\\\/#\\\/schema\\\/logo\\\/image\\\/\",\"url\":\"https:\\\/\\\/leppla-consulting.com\\\/wp-content\\\/uploads\\\/2021\\\/01\\\/Logo.svg\",\"contentUrl\":\"https:\\\/\\\/leppla-consulting.com\\\/wp-content\\\/uploads\\\/2021\\\/01\\\/Logo.svg\",\"width\":310,\"height\":101,\"caption\":\"Leppla Consulting\"},\"image\":{\"@id\":\"https:\\\/\\\/leppla-consulting.com\\\/#\\\/schema\\\/logo\\\/image\\\/\"},\"sameAs\":[\"https:\\\/\\\/www.facebook.com\\\/leppla.consulting\",\"https:\\\/\\\/x.com\\\/kathrinleppla\",\"https:\\\/\\\/www.instagram.com\\\/werteagentur\\\/\"]}]}<\/script>\n<!-- \/ Yoast SEO plugin. -->","yoast_head_json":{"title":"F\u00fcr Einzelpersonen - Leppla Consulting Coaching e.U.","description":"Coaching.Unser Angebot richtet sich sowohl an Unternehmen f\u00fcr ihre Mitarbeiter*Innen, als auch an Privatkund*Innen.","robots":{"index":"index","follow":"follow","max-snippet":"max-snippet:-1","max-image-preview":"max-image-preview:large","max-video-preview":"max-video-preview:-1"},"canonical":"https:\/\/leppla-consulting.com\/en\/coaching\/","og_locale":"en_US","og_type":"article","og_title":"F\u00fcr Einzelpersonen - Leppla Consulting Coaching e.U.","og_description":"Coaching.Unser Angebot richtet sich sowohl an Unternehmen f\u00fcr ihre Mitarbeiter*Innen, als auch an Privatkund*Innen.","og_url":"https:\/\/leppla-consulting.com\/en\/coaching\/","og_site_name":"Leppla Consulting Coaching e.U.","article_publisher":"https:\/\/www.facebook.com\/leppla.consulting","article_modified_time":"2026-02-11T13:57:59+00:00","og_image":[{"width":1920,"height":1123,"url":"https:\/\/leppla-consulting.com\/wp-content\/uploads\/2021\/03\/question-2736480_1920.jpg","type":"image\/jpeg"}],"twitter_card":"summary_large_image","twitter_site":"@kathrinleppla","twitter_misc":{"Est. reading time":"2 minutes"},"schema":{"@context":"https:\/\/schema.org","@graph":[{"@type":"WebPage","@id":"https:\/\/leppla-consulting.com\/coaching\/","url":"https:\/\/leppla-consulting.com\/coaching\/","name":"F\u00fcr Einzelpersonen - Leppla Consulting Coaching e.U.","isPartOf":{"@id":"https:\/\/leppla-consulting.com\/#website"},"primaryImageOfPage":{"@id":"https:\/\/leppla-consulting.com\/coaching\/#primaryimage"},"image":{"@id":"https:\/\/leppla-consulting.com\/coaching\/#primaryimage"},"thumbnailUrl":"https:\/\/leppla-consulting.com\/wp-content\/uploads\/2021\/03\/question-2736480_1920-1024x599.jpg","datePublished":"2021-02-01T11:05:43+00:00","dateModified":"2026-02-11T13:57:59+00:00","description":"Coaching.Unser Angebot richtet sich sowohl an Unternehmen f\u00fcr ihre Mitarbeiter*Innen, als auch an Privatkund*Innen.","breadcrumb":{"@id":"https:\/\/leppla-consulting.com\/coaching\/#breadcrumb"},"inLanguage":"en-US","potentialAction":[{"@type":"ReadAction","target":["https:\/\/leppla-consulting.com\/coaching\/"]}]},{"@type":"ImageObject","inLanguage":"en-US","@id":"https:\/\/leppla-consulting.com\/coaching\/#primaryimage","url":"https:\/\/leppla-consulting.com\/wp-content\/uploads\/2021\/03\/question-2736480_1920-1024x599.jpg","contentUrl":"https:\/\/leppla-consulting.com\/wp-content\/uploads\/2021\/03\/question-2736480_1920-1024x599.jpg"},{"@type":"BreadcrumbList","@id":"https:\/\/leppla-consulting.com\/coaching\/#breadcrumb","itemListElement":[{"@type":"ListItem","position":1,"name":"Home","item":"https:\/\/leppla-consulting.com\/"},{"@type":"ListItem","position":2,"name":"F\u00fcr Einzelpersonen"}]},{"@type":"WebSite","@id":"https:\/\/leppla-consulting.com\/#website","url":"https:\/\/leppla-consulting.com\/","name":"Leppla Consulting Coaching e.U.","description":"","publisher":{"@id":"https:\/\/leppla-consulting.com\/#organization"},"potentialAction":[{"@type":"SearchAction","target":{"@type":"EntryPoint","urlTemplate":"https:\/\/leppla-consulting.com\/?s={search_term_string}"},"query-input":{"@type":"PropertyValueSpecification","valueRequired":true,"valueName":"search_term_string"}}],"inLanguage":"en-US"},{"@type":"Organization","@id":"https:\/\/leppla-consulting.com\/#organization","name":"Leppla Consulting","url":"https:\/\/leppla-consulting.com\/","logo":{"@type":"ImageObject","inLanguage":"en-US","@id":"https:\/\/leppla-consulting.com\/#\/schema\/logo\/image\/","url":"https:\/\/leppla-consulting.com\/wp-content\/uploads\/2021\/01\/Logo.svg","contentUrl":"https:\/\/leppla-consulting.com\/wp-content\/uploads\/2021\/01\/Logo.svg","width":310,"height":101,"caption":"Leppla Consulting"},"image":{"@id":"https:\/\/leppla-consulting.com\/#\/schema\/logo\/image\/"},"sameAs":["https:\/\/www.facebook.com\/leppla.consulting","https:\/\/x.com\/kathrinleppla","https:\/\/www.instagram.com\/werteagentur\/"]}]}},"_links":{"self":[{"href":"https:\/\/leppla-consulting.com\/en\/wp-json\/wp\/v2\/pages\/51","targetHints":{"allow":["GET"]}}],"collection":[{"href":"https:\/\/leppla-consulting.com\/en\/wp-json\/wp\/v2\/pages"}],"about":[{"href":"https:\/\/leppla-consulting.com\/en\/wp-json\/wp\/v2\/types\/page"}],"author":[{"embeddable":true,"href":"https:\/\/leppla-consulting.com\/en\/wp-json\/wp\/v2\/users\/1"}],"replies":[{"embeddable":true,"href":"https:\/\/leppla-consulting.com\/en\/wp-json\/wp\/v2\/comments?post=51"}],"version-history":[{"count":115,"href":"https:\/\/leppla-consulting.com\/en\/wp-json\/wp\/v2\/pages\/51\/revisions"}],"predecessor-version":[{"id":10241,"href":"https:\/\/leppla-consulting.com\/en\/wp-json\/wp\/v2\/pages\/51\/revisions\/10241"}],"wp:attachment":[{"href":"https:\/\/leppla-consulting.com\/en\/wp-json\/wp\/v2\/media?parent=51"}],"curies":[{"name":"wp","href":"https:\/\/api.w.org\/{rel}","templated":true}]}}