{"id":1700,"date":"2021-02-14T20:24:34","date_gmt":"2021-02-14T19:24:34","guid":{"rendered":"https:\/\/leppla.consulting.webhost3.casc.at\/?page_id=1700"},"modified":"2025-03-14T11:11:40","modified_gmt":"2025-03-14T10:11:40","slug":"ueber-verena","status":"publish","type":"page","link":"https:\/\/leppla-consulting.com\/en\/about\/ueber-verena\/","title":{"rendered":"About Verena"},"content":{"rendered":"<div data-elementor-type=\"wp-page\" data-elementor-id=\"1700\" class=\"elementor elementor-1700\" data-elementor-post-type=\"page\">\n\t\t\t\t\t\t<section class=\"elementor-section elementor-top-section elementor-element elementor-element-6299f5b4 elementor-section-boxed elementor-section-height-default elementor-section-height-default\" data-id=\"6299f5b4\" data-element_type=\"section\" data-e-type=\"section\">\n\t\t\t\t\t\t<div class=\"elementor-container elementor-column-gap-default\">\n\t\t\t\t\t<div class=\"elementor-column elementor-col-100 elementor-top-column elementor-element elementor-element-7e53adc8\" data-id=\"7e53adc8\" data-element_type=\"column\" data-e-type=\"column\" data-settings=\"{&quot;background_background&quot;:&quot;classic&quot;}\">\n\t\t\t<div class=\"elementor-widget-wrap elementor-element-populated\">\n\t\t\t\t\t\t<div class=\"elementor-element elementor-element-258f0248 elementor-widget elementor-widget-spacer\" data-id=\"258f0248\" data-element_type=\"widget\" data-e-type=\"widget\" data-widget_type=\"spacer.default\">\n\t\t\t\t<div class=\"elementor-widget-container\">\n\t\t\t\t\t\t\t<div class=\"elementor-spacer\">\n\t\t\t<div class=\"elementor-spacer-inner\"><\/div>\n\t\t<\/div>\n\t\t\t\t\t\t<\/div>\n\t\t\t\t<\/div>\n\t\t\t\t\t<\/div>\n\t\t<\/div>\n\t\t\t\t\t<\/div>\n\t\t<\/section>\n\t\t\t\t<section class=\"elementor-section elementor-top-section elementor-element elementor-element-d59d4e8 elementor-section-boxed elementor-section-height-default elementor-section-height-default\" data-id=\"d59d4e8\" data-element_type=\"section\" data-e-type=\"section\">\n\t\t\t\t\t\t<div class=\"elementor-container elementor-column-gap-default\">\n\t\t\t\t\t<div class=\"elementor-column elementor-col-50 elementor-top-column elementor-element elementor-element-2811f27\" data-id=\"2811f27\" data-element_type=\"column\" data-e-type=\"column\">\n\t\t\t<div class=\"elementor-widget-wrap\">\n\t\t\t\t\t\t\t<\/div>\n\t\t<\/div>\n\t\t\t\t<div class=\"elementor-column elementor-col-50 elementor-top-column elementor-element elementor-element-66aa60f\" data-id=\"66aa60f\" data-element_type=\"column\" data-e-type=\"column\">\n\t\t\t<div class=\"elementor-widget-wrap\">\n\t\t\t\t\t\t\t<\/div>\n\t\t<\/div>\n\t\t\t\t\t<\/div>\n\t\t<\/section>\n\t\t\t\t<section class=\"elementor-section elementor-top-section elementor-element elementor-element-f46b1b3 elementor-section-boxed elementor-section-height-default elementor-section-height-default\" data-id=\"f46b1b3\" data-element_type=\"section\" data-e-type=\"section\">\n\t\t\t\t\t\t<div class=\"elementor-container elementor-column-gap-default\">\n\t\t\t\t\t<div class=\"elementor-column elementor-col-50 elementor-top-column elementor-element elementor-element-585c836\" data-id=\"585c836\" data-element_type=\"column\" data-e-type=\"column\">\n\t\t\t<div class=\"elementor-widget-wrap elementor-element-populated\">\n\t\t\t\t\t\t<div class=\"elementor-element elementor-element-dcd953b elementor-widget elementor-widget-image\" data-id=\"dcd953b\" data-element_type=\"widget\" data-e-type=\"widget\" data-widget_type=\"image.default\">\n\t\t\t\t<div class=\"elementor-widget-container\">\n\t\t\t\t\t\t\t\t\t\t\t\t\t\t\t<img fetchpriority=\"high\" decoding=\"async\" width=\"682\" height=\"1024\" src=\"https:\/\/leppla-consulting.com\/wp-content\/uploads\/2021\/04\/VerenaPortrait-128b-682x1024.jpeg\" class=\"attachment-large size-large wp-image-3994\" alt=\"\" srcset=\"https:\/\/leppla-consulting.com\/wp-content\/uploads\/2021\/04\/VerenaPortrait-128b-682x1024.jpeg 682w, https:\/\/leppla-consulting.com\/wp-content\/uploads\/2021\/04\/VerenaPortrait-128b-200x300.jpeg 200w, https:\/\/leppla-consulting.com\/wp-content\/uploads\/2021\/04\/VerenaPortrait-128b-768x1152.jpeg 768w, https:\/\/leppla-consulting.com\/wp-content\/uploads\/2021\/04\/VerenaPortrait-128b-8x12.jpeg 8w, https:\/\/leppla-consulting.com\/wp-content\/uploads\/2021\/04\/VerenaPortrait-128b.jpeg 853w\" sizes=\"(max-width: 682px) 100vw, 682px\" \/>\t\t\t\t\t\t\t\t\t\t\t\t\t\t\t<\/div>\n\t\t\t\t<\/div>\n\t\t\t\t\t<\/div>\n\t\t<\/div>\n\t\t\t\t<div class=\"elementor-column elementor-col-50 elementor-top-column elementor-element elementor-element-e04453d\" data-id=\"e04453d\" data-element_type=\"column\" data-e-type=\"column\">\n\t\t\t<div class=\"elementor-widget-wrap elementor-element-populated\">\n\t\t\t\t\t\t<div class=\"elementor-element elementor-element-ffba4c9 elementor-widget elementor-widget-heading\" data-id=\"ffba4c9\" data-element_type=\"widget\" data-e-type=\"widget\" id=\"verena\" data-widget_type=\"heading.default\">\n\t\t\t\t<div class=\"elementor-widget-container\">\n\t\t\t\t\t<h2 class=\"elementor-heading-title elementor-size-default\">Verena Anna Buck<\/h2>\t\t\t\t<\/div>\n\t\t\t\t<\/div>\n\t\t\t\t<div class=\"elementor-element elementor-element-693bcac elementor-widget elementor-widget-text-editor\" data-id=\"693bcac\" data-element_type=\"widget\" data-e-type=\"widget\" data-widget_type=\"text-editor.default\">\n\t\t\t\t<div class=\"elementor-widget-container\">\n\t\t\t\t\t\t\t\t\t<p>In unserem LeConnex Coaching Basiskurs unterrichtet Verena normalerweise die Hintergr\u00fcnde von Selbsterfahrung. Momentan steht sie auch gesundheitlichen Gr\u00fcnden nicht zur Verf\u00fcgung.&nbsp;<\/p>\t\t\t\t\t\t\t\t<\/div>\n\t\t\t\t<\/div>\n\t\t\t\t<div class=\"elementor-element elementor-element-60e1b8d elementor-widget elementor-widget-text-editor\" data-id=\"60e1b8d\" data-element_type=\"widget\" data-e-type=\"widget\" data-widget_type=\"text-editor.default\">\n\t\t\t\t<div class=\"elementor-widget-container\">\n\t\t\t\t\t\t\t\t\t<p>&#8222;Mein Arbeitsfeld sind die hilfreichen Aspekte von \u00c4sthetik. Wie wir Ergebnisse aus der \u00c4sthetikforschung und Neurowissenschaft, mit den Objekten die uns t\u00e4glich umgeben, hilfreich umsetzten k\u00f6nnen. In den von mir entwickelten Lernmethoden, nutze ich edukative Ans\u00e4tze mit dem Fokus auf Selbstwirksamkeit.<\/p><p>Dabei verwende ich unser \u00c4u\u00dferes wie\u00a0Kleidung, Einrichtung, Kunst und Design sowie pflanzliche Materialien, Lebensmittel und unsere eigene K\u00f6rperlichkeit, als Ankn\u00fcpfungspunkte f\u00fcr eine positive Objektbeziehung.<\/p><p>Selbstwirksamkeit und Eigenverantwortung mit Blick auf die Salutogenese pr\u00e4gen meine Haltung. Ich unterrichte und begleite Einzelpersonen und Gruppen im privaten und beruflichen Kontext. Meine Ans\u00e4tze sind edukativ und ph\u00e4nomenologisch gepr\u00e4gt. Mit dem Fokus auf multisensorisches Erleben, schaffen meine Methoden zur Selbsterfahrung Leichtigkeit und Freude gestalterische Mechanismen zu entdecken. Die Lernerlebnisse f\u00fchren zu neuen, pers\u00f6nlichen Erfahrungen. So w\u00e4chst die Kompetenz und Freude, das eigene Umfeld selbstwirksam zu gestalten.&#8220;<\/p>\t\t\t\t\t\t\t\t<\/div>\n\t\t\t\t<\/div>\n\t\t\t\t<div class=\"elementor-element elementor-element-837107d elementor-align-start elementor-icon-list--layout-traditional elementor-list-item-link-full_width elementor-widget elementor-widget-icon-list\" data-id=\"837107d\" data-element_type=\"widget\" data-e-type=\"widget\" data-widget_type=\"icon-list.default\">\n\t\t\t\t<div class=\"elementor-widget-container\">\n\t\t\t\t\t\t\t<ul class=\"elementor-icon-list-items\">\n\t\t\t\t\t\t\t<li class=\"elementor-icon-list-item\">\n\t\t\t\t\t\t\t\t\t\t\t<span class=\"elementor-icon-list-icon\">\n\t\t\t\t\t\t\t<i aria-hidden=\"true\" class=\"fab fa-instagram\"><\/i>\t\t\t\t\t\t<\/span>\n\t\t\t\t\t\t\t\t\t\t<span class=\"elementor-icon-list-text\">catchtheblossom <\/span>\n\t\t\t\t\t\t\t\t\t<\/li>\n\t\t\t\t\t\t\t\t<li class=\"elementor-icon-list-item\">\n\t\t\t\t\t\t\t\t\t\t\t<a href=\"http:\/\/verenaannabuck.com\">\n\n\t\t\t\t\t\t\t\t\t\t\t\t<span class=\"elementor-icon-list-icon\">\n\t\t\t\t\t\t\t<i aria-hidden=\"true\" class=\"far fa-user\"><\/i>\t\t\t\t\t\t<\/span>\n\t\t\t\t\t\t\t\t\t\t<span class=\"elementor-icon-list-text\">Website<\/span>\n\t\t\t\t\t\t\t\t\t\t\t<\/a>\n\t\t\t\t\t\t\t\t\t<\/li>\n\t\t\t\t\t\t<\/ul>\n\t\t\t\t\t\t<\/div>\n\t\t\t\t<\/div>\n\t\t\t\t\t<\/div>\n\t\t<\/div>\n\t\t\t\t\t<\/div>\n\t\t<\/section>\n\t\t\t\t<section class=\"elementor-section elementor-top-section elementor-element elementor-element-d04c3d5 elementor-section-boxed elementor-section-height-default elementor-section-height-default\" data-id=\"d04c3d5\" data-element_type=\"section\" data-e-type=\"section\">\n\t\t\t\t\t\t<div class=\"elementor-container elementor-column-gap-default\">\n\t\t\t\t\t<div class=\"elementor-column elementor-col-100 elementor-top-column elementor-element elementor-element-f8e1467\" data-id=\"f8e1467\" data-element_type=\"column\" data-e-type=\"column\">\n\t\t\t<div class=\"elementor-widget-wrap elementor-element-populated\">\n\t\t\t\t\t\t<div class=\"elementor-element elementor-element-de6292f elementor-widget elementor-widget-spacer\" data-id=\"de6292f\" data-element_type=\"widget\" data-e-type=\"widget\" data-widget_type=\"spacer.default\">\n\t\t\t\t<div class=\"elementor-widget-container\">\n\t\t\t\t\t\t\t<div class=\"elementor-spacer\">\n\t\t\t<div class=\"elementor-spacer-inner\"><\/div>\n\t\t<\/div>\n\t\t\t\t\t\t<\/div>\n\t\t\t\t<\/div>\n\t\t\t\t<div class=\"elementor-element elementor-element-a77de5c elementor-widget elementor-widget-heading\" data-id=\"a77de5c\" data-element_type=\"widget\" data-e-type=\"widget\" data-widget_type=\"heading.default\">\n\t\t\t\t<div class=\"elementor-widget-container\">\n\t\t\t\t\t<h3 class=\"elementor-heading-title elementor-size-default\">Blossom Work Method<\/h3>\t\t\t\t<\/div>\n\t\t\t\t<\/div>\n\t\t\t\t<div class=\"elementor-element elementor-element-62c625f elementor-widget elementor-widget-text-editor\" data-id=\"62c625f\" data-element_type=\"widget\" data-e-type=\"widget\" data-widget_type=\"text-editor.default\">\n\t\t\t\t<div class=\"elementor-widget-container\">\n\t\t\t\t\t\t\t\t\t<p style=\"caret-color: #ffffff; color: #ffffff; font-family: Helvetica; font-size: 12px; margin-right: 0px; margin-bottom: 0px; margin-left: 0px; font-stretch: normal; line-height: normal;\">r<\/p><h5 class=\"p2\"><span class=\"s2\">Praktische Lernmethode um hilfreiche Objektbeziehungen im \u00c4u\u00dferen zu erleben.\u00a0<\/span><\/h5><p class=\"p2\"><span class=\"s2\">Durch gestalterische Arbeit mit pflanzlichen Material werden pers\u00f6nliche Mechanismen multisensorisch erlebbar und ,begreifbar\u2018 gemacht. Der Fokus liegt auf dem Aspekt der Selbstwirksamkeit.\u00a0<\/span><\/p><p class=\"p2\"><span class=\"s2\">Einzel und Gruppenarbeit\u00a0<\/span><\/p><p style=\"caret-color: #ffffff; color: #ffffff; font-family: Helvetica; font-size: 12px; margin-right: 0px; margin-bottom: 0px; margin-left: 0px; font-stretch: normal; line-height: normal;\">us liegt auf dem Aspekt der Selbstwirksamkeit.\u00a0<\/p><p style=\"caret-color: #ffffff; color: #ffffff; font-family: Helvetica; font-size: 12px; margin-right: 0px; margin-bottom: 0px; margin-left: 0px; font-stretch: normal; line-height: normal;\">Einzel und Gruppenarbeit\u00a0<\/p>\t\t\t\t\t\t\t\t<\/div>\n\t\t\t\t<\/div>\n\t\t\t\t\t<\/div>\n\t\t<\/div>\n\t\t\t\t\t<\/div>\n\t\t<\/section>\n\t\t\t\t<section class=\"elementor-section elementor-top-section elementor-element elementor-element-e4b695d elementor-section-boxed elementor-section-height-default elementor-section-height-default\" data-id=\"e4b695d\" data-element_type=\"section\" data-e-type=\"section\">\n\t\t\t\t\t\t<div class=\"elementor-container elementor-column-gap-default\">\n\t\t\t\t\t<div class=\"elementor-column elementor-col-100 elementor-top-column elementor-element elementor-element-61c0b18\" data-id=\"61c0b18\" data-element_type=\"column\" data-e-type=\"column\">\n\t\t\t<div class=\"elementor-widget-wrap elementor-element-populated\">\n\t\t\t\t\t\t<div class=\"elementor-element elementor-element-0ebc6cb elementor-widget elementor-widget-heading\" data-id=\"0ebc6cb\" data-element_type=\"widget\" data-e-type=\"widget\" data-widget_type=\"heading.default\">\n\t\t\t\t<div class=\"elementor-widget-container\">\n\t\t\t\t\t<h3 class=\"elementor-heading-title elementor-size-default\">Aesthetik Work Method<\/h3>\t\t\t\t<\/div>\n\t\t\t\t<\/div>\n\t\t\t\t<div class=\"elementor-element elementor-element-e7752c0 elementor-widget elementor-widget-text-editor\" data-id=\"e7752c0\" data-element_type=\"widget\" data-e-type=\"widget\" data-widget_type=\"text-editor.default\">\n\t\t\t\t<div class=\"elementor-widget-container\">\n\t\t\t\t\t\t\t\t\t<h5 class=\"p2\"><span class=\"s2\">Theoretische Lernmethode um hilfreiche Objektbeziehungen im \u00c4u\u00dferen selbst zu gestalten.<\/span><\/h5><p class=\"p2\"><span class=\"s2\">Edukation zur pers\u00f6nlichen Arbeit mit der \u00e4u\u00dferen Umwelt (z.B. Kleidung, Interieur, Objekte des Alltages). Eigene Mechanismen werden sichtbar und gestaltbar gemacht. Der Fokus liegt auf dem Aspekt der Selbstwirksamkeit.\u00a0<\/span><\/p><p class=\"p2\"><span class=\"s2\">Einzel und Gruppenarbeit\u00a0<\/span><\/p>\t\t\t\t\t\t\t\t<\/div>\n\t\t\t\t<\/div>\n\t\t\t\t<div class=\"elementor-element elementor-element-ad2fec1 elementor-widget elementor-widget-spacer\" data-id=\"ad2fec1\" data-element_type=\"widget\" data-e-type=\"widget\" data-widget_type=\"spacer.default\">\n\t\t\t\t<div class=\"elementor-widget-container\">\n\t\t\t\t\t\t\t<div class=\"elementor-spacer\">\n\t\t\t<div class=\"elementor-spacer-inner\"><\/div>\n\t\t<\/div>\n\t\t\t\t\t\t<\/div>\n\t\t\t\t<\/div>\n\t\t\t\t\t<\/div>\n\t\t<\/div>\n\t\t\t\t\t<\/div>\n\t\t<\/section>\n\t\t\t\t<\/div>","protected":false},"excerpt":{"rendered":"<p>Verena Anna Buck In unserem LeConnex Coaching Basiskurs unterrichtet Verena normalerweise die Hintergr\u00fcnde von Selbsterfahrung. Momentan steht sie auch gesundheitlichen Gr\u00fcnden nicht zur Verf\u00fcgung.&nbsp; &#8222;Mein Arbeitsfeld sind die hilfreichen Aspekte von \u00c4sthetik. Wie wir Ergebnisse aus der \u00c4sthetikforschung und Neurowissenschaft, mit den Objekten die uns t\u00e4glich umgeben, hilfreich umsetzten k\u00f6nnen. In den von mir entwickelten [&hellip;]<\/p>\n","protected":false},"author":1,"featured_media":0,"parent":7505,"menu_order":0,"comment_status":"closed","ping_status":"closed","template":"","meta":{"footnotes":""},"class_list":["post-1700","page","type-page","status-publish","hentry"],"yoast_head":"<!-- This site is optimized with the Yoast SEO plugin v27.4 - https:\/\/yoast.com\/product\/yoast-seo-wordpress\/ -->\n<title>\u00dcber Verena - Leppla Consulting Coaching e.U.<\/title>\n<meta name=\"robots\" content=\"index, follow, max-snippet:-1, max-image-preview:large, max-video-preview:-1\" \/>\n<link rel=\"canonical\" href=\"https:\/\/leppla-consulting.com\/en\/about\/ueber-verena\/\" \/>\n<meta property=\"og:locale\" content=\"en_US\" \/>\n<meta property=\"og:type\" content=\"article\" \/>\n<meta property=\"og:title\" content=\"\u00dcber Verena - Leppla Consulting Coaching e.U.\" \/>\n<meta property=\"og:description\" content=\"Verena Anna Buck In unserem LeConnex Coaching Basiskurs unterrichtet Verena normalerweise die Hintergr\u00fcnde von Selbsterfahrung. Momentan steht sie auch gesundheitlichen Gr\u00fcnden nicht zur Verf\u00fcgung.&nbsp; &#8222;Mein Arbeitsfeld sind die hilfreichen Aspekte von \u00c4sthetik. Wie wir Ergebnisse aus der \u00c4sthetikforschung und Neurowissenschaft, mit den Objekten die uns t\u00e4glich umgeben, hilfreich umsetzten k\u00f6nnen. In den von mir entwickelten [&hellip;]\" \/>\n<meta property=\"og:url\" content=\"https:\/\/leppla-consulting.com\/en\/about\/ueber-verena\/\" \/>\n<meta property=\"og:site_name\" content=\"Leppla Consulting Coaching e.U.\" \/>\n<meta property=\"article:publisher\" content=\"https:\/\/www.facebook.com\/leppla.consulting\" \/>\n<meta property=\"article:modified_time\" content=\"2025-03-14T10:11:40+00:00\" \/>\n<meta property=\"og:image\" content=\"https:\/\/leppla-consulting.com\/wp-content\/uploads\/2021\/04\/VerenaPortrait-128b.jpeg\" \/>\n\t<meta property=\"og:image:width\" content=\"853\" \/>\n\t<meta property=\"og:image:height\" content=\"1280\" \/>\n\t<meta property=\"og:image:type\" content=\"image\/jpeg\" \/>\n<meta name=\"twitter:card\" content=\"summary_large_image\" \/>\n<meta name=\"twitter:site\" content=\"@kathrinleppla\" \/>\n<meta name=\"twitter:label1\" content=\"Est. reading time\" \/>\n\t<meta name=\"twitter:data1\" content=\"2 minutes\" \/>\n<script type=\"application\/ld+json\" class=\"yoast-schema-graph\">{\"@context\":\"https:\\\/\\\/schema.org\",\"@graph\":[{\"@type\":\"WebPage\",\"@id\":\"https:\\\/\\\/leppla-consulting.com\\\/about\\\/ueber-verena\\\/\",\"url\":\"https:\\\/\\\/leppla-consulting.com\\\/about\\\/ueber-verena\\\/\",\"name\":\"\u00dcber Verena - Leppla Consulting Coaching e.U.\",\"isPartOf\":{\"@id\":\"https:\\\/\\\/leppla-consulting.com\\\/#website\"},\"primaryImageOfPage\":{\"@id\":\"https:\\\/\\\/leppla-consulting.com\\\/about\\\/ueber-verena\\\/#primaryimage\"},\"image\":{\"@id\":\"https:\\\/\\\/leppla-consulting.com\\\/about\\\/ueber-verena\\\/#primaryimage\"},\"thumbnailUrl\":\"https:\\\/\\\/leppla-consulting.com\\\/wp-content\\\/uploads\\\/2021\\\/04\\\/VerenaPortrait-128b-682x1024.jpeg\",\"datePublished\":\"2021-02-14T19:24:34+00:00\",\"dateModified\":\"2025-03-14T10:11:40+00:00\",\"breadcrumb\":{\"@id\":\"https:\\\/\\\/leppla-consulting.com\\\/about\\\/ueber-verena\\\/#breadcrumb\"},\"inLanguage\":\"en-US\",\"potentialAction\":[{\"@type\":\"ReadAction\",\"target\":[\"https:\\\/\\\/leppla-consulting.com\\\/about\\\/ueber-verena\\\/\"]}]},{\"@type\":\"ImageObject\",\"inLanguage\":\"en-US\",\"@id\":\"https:\\\/\\\/leppla-consulting.com\\\/about\\\/ueber-verena\\\/#primaryimage\",\"url\":\"https:\\\/\\\/leppla-consulting.com\\\/wp-content\\\/uploads\\\/2021\\\/04\\\/VerenaPortrait-128b-682x1024.jpeg\",\"contentUrl\":\"https:\\\/\\\/leppla-consulting.com\\\/wp-content\\\/uploads\\\/2021\\\/04\\\/VerenaPortrait-128b-682x1024.jpeg\"},{\"@type\":\"BreadcrumbList\",\"@id\":\"https:\\\/\\\/leppla-consulting.com\\\/about\\\/ueber-verena\\\/#breadcrumb\",\"itemListElement\":[{\"@type\":\"ListItem\",\"position\":1,\"name\":\"Home\",\"item\":\"https:\\\/\\\/leppla-consulting.com\\\/\"},{\"@type\":\"ListItem\",\"position\":2,\"name\":\"About\",\"item\":\"https:\\\/\\\/leppla-consulting.com\\\/about\\\/\"},{\"@type\":\"ListItem\",\"position\":3,\"name\":\"\u00dcber Verena\"}]},{\"@type\":\"WebSite\",\"@id\":\"https:\\\/\\\/leppla-consulting.com\\\/#website\",\"url\":\"https:\\\/\\\/leppla-consulting.com\\\/\",\"name\":\"Leppla Consulting Coaching e.U.\",\"description\":\"\",\"publisher\":{\"@id\":\"https:\\\/\\\/leppla-consulting.com\\\/#organization\"},\"potentialAction\":[{\"@type\":\"SearchAction\",\"target\":{\"@type\":\"EntryPoint\",\"urlTemplate\":\"https:\\\/\\\/leppla-consulting.com\\\/?s={search_term_string}\"},\"query-input\":{\"@type\":\"PropertyValueSpecification\",\"valueRequired\":true,\"valueName\":\"search_term_string\"}}],\"inLanguage\":\"en-US\"},{\"@type\":\"Organization\",\"@id\":\"https:\\\/\\\/leppla-consulting.com\\\/#organization\",\"name\":\"Leppla Consulting\",\"url\":\"https:\\\/\\\/leppla-consulting.com\\\/\",\"logo\":{\"@type\":\"ImageObject\",\"inLanguage\":\"en-US\",\"@id\":\"https:\\\/\\\/leppla-consulting.com\\\/#\\\/schema\\\/logo\\\/image\\\/\",\"url\":\"https:\\\/\\\/leppla-consulting.com\\\/wp-content\\\/uploads\\\/2021\\\/01\\\/Logo.svg\",\"contentUrl\":\"https:\\\/\\\/leppla-consulting.com\\\/wp-content\\\/uploads\\\/2021\\\/01\\\/Logo.svg\",\"width\":310,\"height\":101,\"caption\":\"Leppla Consulting\"},\"image\":{\"@id\":\"https:\\\/\\\/leppla-consulting.com\\\/#\\\/schema\\\/logo\\\/image\\\/\"},\"sameAs\":[\"https:\\\/\\\/www.facebook.com\\\/leppla.consulting\",\"https:\\\/\\\/x.com\\\/kathrinleppla\",\"https:\\\/\\\/www.instagram.com\\\/werteagentur\\\/\"]}]}<\/script>\n<!-- \/ Yoast SEO plugin. -->","yoast_head_json":{"title":"\u00dcber Verena - Leppla Consulting Coaching e.U.","robots":{"index":"index","follow":"follow","max-snippet":"max-snippet:-1","max-image-preview":"max-image-preview:large","max-video-preview":"max-video-preview:-1"},"canonical":"https:\/\/leppla-consulting.com\/en\/about\/ueber-verena\/","og_locale":"en_US","og_type":"article","og_title":"\u00dcber Verena - Leppla Consulting Coaching e.U.","og_description":"Verena Anna Buck In unserem LeConnex Coaching Basiskurs unterrichtet Verena normalerweise die Hintergr\u00fcnde von Selbsterfahrung. Momentan steht sie auch gesundheitlichen Gr\u00fcnden nicht zur Verf\u00fcgung.&nbsp; &#8222;Mein Arbeitsfeld sind die hilfreichen Aspekte von \u00c4sthetik. Wie wir Ergebnisse aus der \u00c4sthetikforschung und Neurowissenschaft, mit den Objekten die uns t\u00e4glich umgeben, hilfreich umsetzten k\u00f6nnen. In den von mir entwickelten [&hellip;]","og_url":"https:\/\/leppla-consulting.com\/en\/about\/ueber-verena\/","og_site_name":"Leppla Consulting Coaching e.U.","article_publisher":"https:\/\/www.facebook.com\/leppla.consulting","article_modified_time":"2025-03-14T10:11:40+00:00","og_image":[{"width":853,"height":1280,"url":"https:\/\/leppla-consulting.com\/wp-content\/uploads\/2021\/04\/VerenaPortrait-128b.jpeg","type":"image\/jpeg"}],"twitter_card":"summary_large_image","twitter_site":"@kathrinleppla","twitter_misc":{"Est. reading time":"2 minutes"},"schema":{"@context":"https:\/\/schema.org","@graph":[{"@type":"WebPage","@id":"https:\/\/leppla-consulting.com\/about\/ueber-verena\/","url":"https:\/\/leppla-consulting.com\/about\/ueber-verena\/","name":"\u00dcber Verena - Leppla Consulting Coaching e.U.","isPartOf":{"@id":"https:\/\/leppla-consulting.com\/#website"},"primaryImageOfPage":{"@id":"https:\/\/leppla-consulting.com\/about\/ueber-verena\/#primaryimage"},"image":{"@id":"https:\/\/leppla-consulting.com\/about\/ueber-verena\/#primaryimage"},"thumbnailUrl":"https:\/\/leppla-consulting.com\/wp-content\/uploads\/2021\/04\/VerenaPortrait-128b-682x1024.jpeg","datePublished":"2021-02-14T19:24:34+00:00","dateModified":"2025-03-14T10:11:40+00:00","breadcrumb":{"@id":"https:\/\/leppla-consulting.com\/about\/ueber-verena\/#breadcrumb"},"inLanguage":"en-US","potentialAction":[{"@type":"ReadAction","target":["https:\/\/leppla-consulting.com\/about\/ueber-verena\/"]}]},{"@type":"ImageObject","inLanguage":"en-US","@id":"https:\/\/leppla-consulting.com\/about\/ueber-verena\/#primaryimage","url":"https:\/\/leppla-consulting.com\/wp-content\/uploads\/2021\/04\/VerenaPortrait-128b-682x1024.jpeg","contentUrl":"https:\/\/leppla-consulting.com\/wp-content\/uploads\/2021\/04\/VerenaPortrait-128b-682x1024.jpeg"},{"@type":"BreadcrumbList","@id":"https:\/\/leppla-consulting.com\/about\/ueber-verena\/#breadcrumb","itemListElement":[{"@type":"ListItem","position":1,"name":"Home","item":"https:\/\/leppla-consulting.com\/"},{"@type":"ListItem","position":2,"name":"About","item":"https:\/\/leppla-consulting.com\/about\/"},{"@type":"ListItem","position":3,"name":"\u00dcber Verena"}]},{"@type":"WebSite","@id":"https:\/\/leppla-consulting.com\/#website","url":"https:\/\/leppla-consulting.com\/","name":"Leppla Consulting Coaching e.U.","description":"","publisher":{"@id":"https:\/\/leppla-consulting.com\/#organization"},"potentialAction":[{"@type":"SearchAction","target":{"@type":"EntryPoint","urlTemplate":"https:\/\/leppla-consulting.com\/?s={search_term_string}"},"query-input":{"@type":"PropertyValueSpecification","valueRequired":true,"valueName":"search_term_string"}}],"inLanguage":"en-US"},{"@type":"Organization","@id":"https:\/\/leppla-consulting.com\/#organization","name":"Leppla Consulting","url":"https:\/\/leppla-consulting.com\/","logo":{"@type":"ImageObject","inLanguage":"en-US","@id":"https:\/\/leppla-consulting.com\/#\/schema\/logo\/image\/","url":"https:\/\/leppla-consulting.com\/wp-content\/uploads\/2021\/01\/Logo.svg","contentUrl":"https:\/\/leppla-consulting.com\/wp-content\/uploads\/2021\/01\/Logo.svg","width":310,"height":101,"caption":"Leppla Consulting"},"image":{"@id":"https:\/\/leppla-consulting.com\/#\/schema\/logo\/image\/"},"sameAs":["https:\/\/www.facebook.com\/leppla.consulting","https:\/\/x.com\/kathrinleppla","https:\/\/www.instagram.com\/werteagentur\/"]}]}},"_links":{"self":[{"href":"https:\/\/leppla-consulting.com\/en\/wp-json\/wp\/v2\/pages\/1700","targetHints":{"allow":["GET"]}}],"collection":[{"href":"https:\/\/leppla-consulting.com\/en\/wp-json\/wp\/v2\/pages"}],"about":[{"href":"https:\/\/leppla-consulting.com\/en\/wp-json\/wp\/v2\/types\/page"}],"author":[{"embeddable":true,"href":"https:\/\/leppla-consulting.com\/en\/wp-json\/wp\/v2\/users\/1"}],"replies":[{"embeddable":true,"href":"https:\/\/leppla-consulting.com\/en\/wp-json\/wp\/v2\/comments?post=1700"}],"version-history":[{"count":61,"href":"https:\/\/leppla-consulting.com\/en\/wp-json\/wp\/v2\/pages\/1700\/revisions"}],"predecessor-version":[{"id":10118,"href":"https:\/\/leppla-consulting.com\/en\/wp-json\/wp\/v2\/pages\/1700\/revisions\/10118"}],"up":[{"embeddable":true,"href":"https:\/\/leppla-consulting.com\/en\/wp-json\/wp\/v2\/pages\/7505"}],"wp:attachment":[{"href":"https:\/\/leppla-consulting.com\/en\/wp-json\/wp\/v2\/media?parent=1700"}],"curies":[{"name":"wp","href":"https:\/\/api.w.org\/{rel}","templated":true}]}}