{"id":10226,"date":"2026-02-11T14:37:59","date_gmt":"2026-02-11T13:37:59","guid":{"rendered":"https:\/\/leppla-consulting.com\/?page_id=10226"},"modified":"2026-02-17T13:16:00","modified_gmt":"2026-02-17T12:16:00","slug":"invisible-facilitation","status":"publish","type":"page","link":"https:\/\/leppla-consulting.com\/en\/invisible-facilitation\/","title":{"rendered":"Invisible Facilitation"},"content":{"rendered":"<div data-elementor-type=\"wp-page\" data-elementor-id=\"10226\" class=\"elementor elementor-10226\" data-elementor-post-type=\"page\">\n\t\t\t\t\t\t<section class=\"elementor-section elementor-top-section elementor-element elementor-element-19600fa elementor-section-boxed elementor-section-height-default elementor-section-height-default\" data-id=\"19600fa\" data-element_type=\"section\" data-e-type=\"section\">\n\t\t\t\t\t\t<div class=\"elementor-container elementor-column-gap-default\">\n\t\t\t\t\t<div class=\"elementor-column elementor-col-100 elementor-top-column elementor-element elementor-element-f816af9\" data-id=\"f816af9\" data-element_type=\"column\" data-e-type=\"column\">\n\t\t\t<div class=\"elementor-widget-wrap elementor-element-populated\">\n\t\t\t\t\t\t<div class=\"elementor-element elementor-element-428334b elementor-widget elementor-widget-heading\" data-id=\"428334b\" data-element_type=\"widget\" data-e-type=\"widget\" data-widget_type=\"heading.default\">\n\t\t\t\t<div class=\"elementor-widget-container\">\n\t\t\t\t\t<h2 class=\"elementor-heading-title elementor-size-default\">Invisible Facilitation - Stilles Wirken, gro\u00dfe Wirkung<\/h2>\t\t\t\t<\/div>\n\t\t\t\t<\/div>\n\t\t\t\t\t<\/div>\n\t\t<\/div>\n\t\t\t\t\t<\/div>\n\t\t<\/section>\n\t\t\t\t<section class=\"elementor-section elementor-top-section elementor-element elementor-element-137a111 elementor-section-boxed elementor-section-height-default elementor-section-height-default\" data-id=\"137a111\" data-element_type=\"section\" data-e-type=\"section\">\n\t\t\t\t\t\t<div class=\"elementor-container elementor-column-gap-default\">\n\t\t\t\t\t<div class=\"elementor-column elementor-col-100 elementor-top-column elementor-element elementor-element-85c5eff\" data-id=\"85c5eff\" data-element_type=\"column\" data-e-type=\"column\">\n\t\t\t<div class=\"elementor-widget-wrap elementor-element-populated\">\n\t\t\t\t\t\t<section class=\"elementor-section elementor-inner-section elementor-element elementor-element-3f6111f elementor-section-boxed elementor-section-height-default elementor-section-height-default\" data-id=\"3f6111f\" data-element_type=\"section\" data-e-type=\"section\">\n\t\t\t\t\t\t<div class=\"elementor-container elementor-column-gap-default\">\n\t\t\t\t\t<div class=\"elementor-column elementor-col-50 elementor-inner-column elementor-element elementor-element-064c303\" data-id=\"064c303\" data-element_type=\"column\" data-e-type=\"column\">\n\t\t\t<div class=\"elementor-widget-wrap elementor-element-populated\">\n\t\t\t\t\t\t<div class=\"elementor-element elementor-element-07e6a00 elementor-widget elementor-widget-image\" data-id=\"07e6a00\" data-element_type=\"widget\" data-e-type=\"widget\" data-widget_type=\"image.default\">\n\t\t\t\t<div class=\"elementor-widget-container\">\n\t\t\t\t\t\t\t\t\t\t\t\t\t\t\t<img fetchpriority=\"high\" decoding=\"async\" width=\"800\" height=\"457\" src=\"https:\/\/leppla-consulting.com\/wp-content\/uploads\/2026\/02\/LeCo-ua-Invisible-Facilitation-1-1024x585.png\" class=\"attachment-large size-large wp-image-10222\" alt=\"Invisible Facilitation - Stilles Wirken, gro\u00dfe Wirkung\" srcset=\"https:\/\/leppla-consulting.com\/wp-content\/uploads\/2026\/02\/LeCo-ua-Invisible-Facilitation-1-1024x585.png 1024w, https:\/\/leppla-consulting.com\/wp-content\/uploads\/2026\/02\/LeCo-ua-Invisible-Facilitation-1-300x171.png 300w, https:\/\/leppla-consulting.com\/wp-content\/uploads\/2026\/02\/LeCo-ua-Invisible-Facilitation-1-768x439.png 768w, https:\/\/leppla-consulting.com\/wp-content\/uploads\/2026\/02\/LeCo-ua-Invisible-Facilitation-1-18x10.png 18w, https:\/\/leppla-consulting.com\/wp-content\/uploads\/2026\/02\/LeCo-ua-Invisible-Facilitation-1.png 1050w\" sizes=\"(max-width: 800px) 100vw, 800px\" \/>\t\t\t\t\t\t\t\t\t\t\t\t\t\t\t<\/div>\n\t\t\t\t<\/div>\n\t\t\t\t\t<\/div>\n\t\t<\/div>\n\t\t\t\t<div class=\"elementor-column elementor-col-50 elementor-inner-column elementor-element elementor-element-0aedb29\" data-id=\"0aedb29\" data-element_type=\"column\" data-e-type=\"column\">\n\t\t\t<div class=\"elementor-widget-wrap elementor-element-populated\">\n\t\t\t\t\t\t<div class=\"elementor-element elementor-element-abb6263 elementor-widget elementor-widget-heading\" data-id=\"abb6263\" data-element_type=\"widget\" data-e-type=\"widget\" data-widget_type=\"heading.default\">\n\t\t\t\t<div class=\"elementor-widget-container\">\n\t\t\t\t\t<h1 class=\"elementor-heading-title elementor-size-default\">Was hei\u00dft Invisible Facilitation?<\/h1>\t\t\t\t<\/div>\n\t\t\t\t<\/div>\n\t\t\t\t<div class=\"elementor-element elementor-element-64463e8 elementor-widget__width-initial elementor-widget elementor-widget-text-editor\" data-id=\"64463e8\" data-element_type=\"widget\" data-e-type=\"widget\" data-widget_type=\"text-editor.default\">\n\t\t\t\t<div class=\"elementor-widget-container\">\n\t\t\t\t\t\t\t\t\t<p>Wir wirken <strong>mitten im laufenden Betrieb<\/strong>. Still &#8211; und mit gro\u00dfer Wirkung.<\/p><p>Ohne Workshops, ohne Agenda, <strong>ohne Umwege<\/strong>. Stille Facilitator:innen bewegen sich im Alltag von Teams, verlangsamen, kl\u00e4ren, \u00f6ffnen andere Stimmen und machen sichtbar, wo etwas feststeckt. So entstehen <strong>feine Verschiebungen<\/strong> in Aufmerksamkeit, Ausrichtung, Dynamiken, Zusammenspiel und Tempo \u2013 und <strong>das System beginnt, sich selbst neu zu organisieren<\/strong>.<\/p><p>Es k\u00f6nnen 1-4 \u201cInvisible Facilitation\u201d Settings parallel stattfinden \u2013 je nachdem, wie breit Sie in einem Team oder Ihrer Organisation streuen oder sammeln wollen. Das optimale Ausma\u00df fu\u0308r Ihr Anliegen wird sowohl im Rahmen der Auftragskl\u00e4rung als auch tagesgenau im jeweiligen Facilitation-Team mit Ihrem Management festgelegt.<\/p>\t\t\t\t\t\t\t\t<\/div>\n\t\t\t\t<\/div>\n\t\t\t\t\t<\/div>\n\t\t<\/div>\n\t\t\t\t\t<\/div>\n\t\t<\/section>\n\t\t\t\t\t<\/div>\n\t\t<\/div>\n\t\t\t\t\t<\/div>\n\t\t<\/section>\n\t\t\t\t<section class=\"elementor-section elementor-top-section elementor-element elementor-element-84375e2 elementor-section-boxed elementor-section-height-default elementor-section-height-default\" data-id=\"84375e2\" data-element_type=\"section\" data-e-type=\"section\">\n\t\t\t\t\t\t<div class=\"elementor-container elementor-column-gap-default\">\n\t\t\t\t\t<div class=\"elementor-column elementor-col-100 elementor-top-column elementor-element elementor-element-05cedfa\" data-id=\"05cedfa\" data-element_type=\"column\" data-e-type=\"column\">\n\t\t\t<div class=\"elementor-widget-wrap elementor-element-populated\">\n\t\t\t\t\t\t<div class=\"elementor-element elementor-element-301c2a2 elementor-widget elementor-widget-heading\" data-id=\"301c2a2\" data-element_type=\"widget\" data-e-type=\"widget\" data-widget_type=\"heading.default\">\n\t\t\t\t<div class=\"elementor-widget-container\">\n\t\t\t\t\t<h3 class=\"elementor-heading-title elementor-size-default\">Wie l\u00e4uft Invisible Facilitation ab?<\/h3>\t\t\t\t<\/div>\n\t\t\t\t<\/div>\n\t\t\t\t<div class=\"elementor-element elementor-element-c05c32c elementor-widget elementor-widget-text-editor\" data-id=\"c05c32c\" data-element_type=\"widget\" data-e-type=\"widget\" data-widget_type=\"text-editor.default\">\n\t\t\t\t<div class=\"elementor-widget-container\">\n\t\t\t\t\t\t\t\t\t<p>Sie haben den Eindruck, in Ihrer Organisation gibt es Bruchstellen &#8211; sei es innerhalb eines Transformationsprozesses, einer Restrukturierung, oder weil keines von beidem in letzter Zeit stattgefunden hat, und auf gewisse Art Routine eingekehrt ist.\u00a0<\/p><p>Sie haben vielleicht viel Workshop-Erfahrung, und glauben nicht daran, dass ein weiterer Workshop irgendetwas \u00e4ndert. Oder sie haben schlicht keine Zeit, ein Team oder gar mehrere Teile der Organisation aus dem laufenden Gesch\u00e4ft herauszunehmen. Oder es ist nicht konkret genug, was eigentlich anders sein soll &#8211; Sie merken nur: Ganz so soll es nicht weitergehen.\u00a0<\/p><p>Vielleicht ist Invisible Facilitation dann genau Ihr Format:\u00a0<\/p><p>Wir kommen im Team, mindestens zu zweit, ggf. bis zu 4 erfahrene Organisationsentwicklerinnen, Beraterinnen und Coaches. Nach dem Briefing und einer Abstimmung, worauf wir achten sollen, gehen wir in die Teams. Wir &#8222;laufen mit&#8220; &#8211; das hei\u00dft, wir nehmen als Beobachterinnen an Meetings teil, schauen \u00fcber die Schulter, werden Teil des Systems ohne zum System zu geh\u00f6ren. Als erfahrene Coaches wissen wir, wie man schnell Vertrauen herstellt, und eine nat\u00fcrliche Atmosph\u00e4re schafft. Und in diesem &#8222;Dabei sein&#8220;, dieser Teilhabe, achten wir auf die Aspekte, die f\u00fcr die Weiterentwicklung des Teams relevant sind. Vielleicht setzen wir schon Impulse w\u00e4hrend einer Session. Vielleicht sammeln wir und berichten danach &#8211; auch an die Teams. Stilles Wirken &#8211; gro\u00dfe Wirkung.<\/p><p>Wir wahren das Vertrauen &#8211; und bleiben in der Wertsch\u00e4tzung, w\u00e4hrend wir scheinbar unsichtbar, als Stille Facilitatorinnen, mit ihrem Team daran arbeiten, sich neu auszurichten.\u00a0<\/p><p>Neugierig? Erfahren Sie mehr im direkten Gespr\u00e4ch mit uns.\u00a0<\/p><p><a href=\"https:\/\/leppla-consulting.com\/wp-content\/uploads\/2026\/02\/StudA_IF_Flyer-1.pdf\">Der Flyer zum Download<\/a><\/p><p>\u00a0<\/p><p>Dieses Format biete ich mit meinen Kolleginnen an:\u00a0<\/p><p><a href=\"https:\/\/www.luiseogrisek.at\/angebot\/\">Luise Ogrisek<\/a><\/p><p><a href=\"https:\/\/emotionskultur.com\/invisiblefacilitation\">Ulrike Reimann<\/a><\/p><p><a href=\"https:\/\/www.tatjanatupy.at\">Tatjana Tupy<\/a><\/p>\t\t\t\t\t\t\t\t<\/div>\n\t\t\t\t<\/div>\n\t\t\t\t\t<\/div>\n\t\t<\/div>\n\t\t\t\t\t<\/div>\n\t\t<\/section>\n\t\t\t\t<\/div>","protected":false},"excerpt":{"rendered":"<p>Invisible Facilitation &#8211; Stilles Wirken, gro\u00dfe Wirkung Was hei\u00dft Invisible Facilitation? Wir wirken mitten im laufenden Betrieb. Still &#8211; und mit gro\u00dfer Wirkung. Ohne Workshops, ohne Agenda, ohne Umwege. Stille Facilitator:innen bewegen sich im Alltag von Teams, verlangsamen, kl\u00e4ren, \u00f6ffnen andere Stimmen und machen sichtbar, wo etwas feststeckt. So entstehen feine Verschiebungen in Aufmerksamkeit, Ausrichtung, [&hellip;]<\/p>\n","protected":false},"author":1,"featured_media":0,"parent":0,"menu_order":0,"comment_status":"closed","ping_status":"closed","template":"","meta":{"footnotes":""},"class_list":["post-10226","page","type-page","status-publish","hentry"],"yoast_head":"<!-- This site is optimized with the Yoast SEO plugin v27.4 - https:\/\/yoast.com\/product\/yoast-seo-wordpress\/ -->\n<title>Invisible Facilitation - Leppla Consulting Coaching e.U.<\/title>\n<meta name=\"description\" content=\"Wir wirken mitten im laufenden Betrieb. Ohne Workshops, ohne Agenda, ohne Umwege. Stille Facilitator:innen bewegen sich im Alltag von Teams\" \/>\n<meta name=\"robots\" content=\"index, follow, max-snippet:-1, max-image-preview:large, max-video-preview:-1\" \/>\n<link rel=\"canonical\" href=\"https:\/\/leppla-consulting.com\/en\/invisible-facilitation\/\" \/>\n<meta property=\"og:locale\" content=\"en_US\" \/>\n<meta property=\"og:type\" content=\"article\" \/>\n<meta property=\"og:title\" content=\"Invisible Facilitation - Leppla Consulting Coaching e.U.\" \/>\n<meta property=\"og:description\" content=\"Wir wirken mitten im laufenden Betrieb. Ohne Workshops, ohne Agenda, ohne Umwege. Stille Facilitator:innen bewegen sich im Alltag von Teams\" \/>\n<meta property=\"og:url\" content=\"https:\/\/leppla-consulting.com\/en\/invisible-facilitation\/\" \/>\n<meta property=\"og:site_name\" content=\"Leppla Consulting Coaching e.U.\" \/>\n<meta property=\"article:publisher\" content=\"https:\/\/www.facebook.com\/leppla.consulting\" \/>\n<meta property=\"article:modified_time\" content=\"2026-02-17T12:16:00+00:00\" \/>\n<meta property=\"og:image\" content=\"https:\/\/leppla-consulting.com\/wp-content\/uploads\/2026\/02\/LeCo-ua-Invisible-Facilitation-1-1024x585.png\" \/>\n<meta name=\"twitter:card\" content=\"summary_large_image\" \/>\n<meta name=\"twitter:site\" content=\"@kathrinleppla\" \/>\n<meta name=\"twitter:label1\" content=\"Est. reading time\" \/>\n\t<meta name=\"twitter:data1\" content=\"3 minutes\" \/>\n<script type=\"application\/ld+json\" class=\"yoast-schema-graph\">{\"@context\":\"https:\\\/\\\/schema.org\",\"@graph\":[{\"@type\":\"WebPage\",\"@id\":\"https:\\\/\\\/leppla-consulting.com\\\/invisible-facilitation\\\/\",\"url\":\"https:\\\/\\\/leppla-consulting.com\\\/invisible-facilitation\\\/\",\"name\":\"Invisible Facilitation - Leppla Consulting Coaching e.U.\",\"isPartOf\":{\"@id\":\"https:\\\/\\\/leppla-consulting.com\\\/#website\"},\"primaryImageOfPage\":{\"@id\":\"https:\\\/\\\/leppla-consulting.com\\\/invisible-facilitation\\\/#primaryimage\"},\"image\":{\"@id\":\"https:\\\/\\\/leppla-consulting.com\\\/invisible-facilitation\\\/#primaryimage\"},\"thumbnailUrl\":\"https:\\\/\\\/leppla-consulting.com\\\/wp-content\\\/uploads\\\/2026\\\/02\\\/LeCo-ua-Invisible-Facilitation-1-1024x585.png\",\"datePublished\":\"2026-02-11T13:37:59+00:00\",\"dateModified\":\"2026-02-17T12:16:00+00:00\",\"description\":\"Wir wirken mitten im laufenden Betrieb. Ohne Workshops, ohne Agenda, ohne Umwege. Stille Facilitator:innen bewegen sich im Alltag von Teams\",\"breadcrumb\":{\"@id\":\"https:\\\/\\\/leppla-consulting.com\\\/invisible-facilitation\\\/#breadcrumb\"},\"inLanguage\":\"en-US\",\"potentialAction\":[{\"@type\":\"ReadAction\",\"target\":[\"https:\\\/\\\/leppla-consulting.com\\\/invisible-facilitation\\\/\"]}]},{\"@type\":\"ImageObject\",\"inLanguage\":\"en-US\",\"@id\":\"https:\\\/\\\/leppla-consulting.com\\\/invisible-facilitation\\\/#primaryimage\",\"url\":\"https:\\\/\\\/leppla-consulting.com\\\/wp-content\\\/uploads\\\/2026\\\/02\\\/LeCo-ua-Invisible-Facilitation-1-1024x585.png\",\"contentUrl\":\"https:\\\/\\\/leppla-consulting.com\\\/wp-content\\\/uploads\\\/2026\\\/02\\\/LeCo-ua-Invisible-Facilitation-1-1024x585.png\"},{\"@type\":\"BreadcrumbList\",\"@id\":\"https:\\\/\\\/leppla-consulting.com\\\/invisible-facilitation\\\/#breadcrumb\",\"itemListElement\":[{\"@type\":\"ListItem\",\"position\":1,\"name\":\"Home\",\"item\":\"https:\\\/\\\/leppla-consulting.com\\\/\"},{\"@type\":\"ListItem\",\"position\":2,\"name\":\"Invisible Facilitation\"}]},{\"@type\":\"WebSite\",\"@id\":\"https:\\\/\\\/leppla-consulting.com\\\/#website\",\"url\":\"https:\\\/\\\/leppla-consulting.com\\\/\",\"name\":\"Leppla Consulting Coaching e.U.\",\"description\":\"\",\"publisher\":{\"@id\":\"https:\\\/\\\/leppla-consulting.com\\\/#organization\"},\"potentialAction\":[{\"@type\":\"SearchAction\",\"target\":{\"@type\":\"EntryPoint\",\"urlTemplate\":\"https:\\\/\\\/leppla-consulting.com\\\/?s={search_term_string}\"},\"query-input\":{\"@type\":\"PropertyValueSpecification\",\"valueRequired\":true,\"valueName\":\"search_term_string\"}}],\"inLanguage\":\"en-US\"},{\"@type\":\"Organization\",\"@id\":\"https:\\\/\\\/leppla-consulting.com\\\/#organization\",\"name\":\"Leppla Consulting\",\"url\":\"https:\\\/\\\/leppla-consulting.com\\\/\",\"logo\":{\"@type\":\"ImageObject\",\"inLanguage\":\"en-US\",\"@id\":\"https:\\\/\\\/leppla-consulting.com\\\/#\\\/schema\\\/logo\\\/image\\\/\",\"url\":\"https:\\\/\\\/leppla-consulting.com\\\/wp-content\\\/uploads\\\/2021\\\/01\\\/Logo.svg\",\"contentUrl\":\"https:\\\/\\\/leppla-consulting.com\\\/wp-content\\\/uploads\\\/2021\\\/01\\\/Logo.svg\",\"width\":310,\"height\":101,\"caption\":\"Leppla Consulting\"},\"image\":{\"@id\":\"https:\\\/\\\/leppla-consulting.com\\\/#\\\/schema\\\/logo\\\/image\\\/\"},\"sameAs\":[\"https:\\\/\\\/www.facebook.com\\\/leppla.consulting\",\"https:\\\/\\\/x.com\\\/kathrinleppla\",\"https:\\\/\\\/www.instagram.com\\\/werteagentur\\\/\"]}]}<\/script>\n<!-- \/ Yoast SEO plugin. -->","yoast_head_json":{"title":"Invisible Facilitation - Leppla Consulting Coaching e.U.","description":"Wir wirken mitten im laufenden Betrieb. Ohne Workshops, ohne Agenda, ohne Umwege. Stille Facilitator:innen bewegen sich im Alltag von Teams","robots":{"index":"index","follow":"follow","max-snippet":"max-snippet:-1","max-image-preview":"max-image-preview:large","max-video-preview":"max-video-preview:-1"},"canonical":"https:\/\/leppla-consulting.com\/en\/invisible-facilitation\/","og_locale":"en_US","og_type":"article","og_title":"Invisible Facilitation - Leppla Consulting Coaching e.U.","og_description":"Wir wirken mitten im laufenden Betrieb. Ohne Workshops, ohne Agenda, ohne Umwege. Stille Facilitator:innen bewegen sich im Alltag von Teams","og_url":"https:\/\/leppla-consulting.com\/en\/invisible-facilitation\/","og_site_name":"Leppla Consulting Coaching e.U.","article_publisher":"https:\/\/www.facebook.com\/leppla.consulting","article_modified_time":"2026-02-17T12:16:00+00:00","og_image":[{"url":"https:\/\/leppla-consulting.com\/wp-content\/uploads\/2026\/02\/LeCo-ua-Invisible-Facilitation-1-1024x585.png","type":"","width":"","height":""}],"twitter_card":"summary_large_image","twitter_site":"@kathrinleppla","twitter_misc":{"Est. reading time":"3 minutes"},"schema":{"@context":"https:\/\/schema.org","@graph":[{"@type":"WebPage","@id":"https:\/\/leppla-consulting.com\/invisible-facilitation\/","url":"https:\/\/leppla-consulting.com\/invisible-facilitation\/","name":"Invisible Facilitation - Leppla Consulting Coaching e.U.","isPartOf":{"@id":"https:\/\/leppla-consulting.com\/#website"},"primaryImageOfPage":{"@id":"https:\/\/leppla-consulting.com\/invisible-facilitation\/#primaryimage"},"image":{"@id":"https:\/\/leppla-consulting.com\/invisible-facilitation\/#primaryimage"},"thumbnailUrl":"https:\/\/leppla-consulting.com\/wp-content\/uploads\/2026\/02\/LeCo-ua-Invisible-Facilitation-1-1024x585.png","datePublished":"2026-02-11T13:37:59+00:00","dateModified":"2026-02-17T12:16:00+00:00","description":"Wir wirken mitten im laufenden Betrieb. Ohne Workshops, ohne Agenda, ohne Umwege. Stille Facilitator:innen bewegen sich im Alltag von Teams","breadcrumb":{"@id":"https:\/\/leppla-consulting.com\/invisible-facilitation\/#breadcrumb"},"inLanguage":"en-US","potentialAction":[{"@type":"ReadAction","target":["https:\/\/leppla-consulting.com\/invisible-facilitation\/"]}]},{"@type":"ImageObject","inLanguage":"en-US","@id":"https:\/\/leppla-consulting.com\/invisible-facilitation\/#primaryimage","url":"https:\/\/leppla-consulting.com\/wp-content\/uploads\/2026\/02\/LeCo-ua-Invisible-Facilitation-1-1024x585.png","contentUrl":"https:\/\/leppla-consulting.com\/wp-content\/uploads\/2026\/02\/LeCo-ua-Invisible-Facilitation-1-1024x585.png"},{"@type":"BreadcrumbList","@id":"https:\/\/leppla-consulting.com\/invisible-facilitation\/#breadcrumb","itemListElement":[{"@type":"ListItem","position":1,"name":"Home","item":"https:\/\/leppla-consulting.com\/"},{"@type":"ListItem","position":2,"name":"Invisible Facilitation"}]},{"@type":"WebSite","@id":"https:\/\/leppla-consulting.com\/#website","url":"https:\/\/leppla-consulting.com\/","name":"Leppla Consulting Coaching e.U.","description":"","publisher":{"@id":"https:\/\/leppla-consulting.com\/#organization"},"potentialAction":[{"@type":"SearchAction","target":{"@type":"EntryPoint","urlTemplate":"https:\/\/leppla-consulting.com\/?s={search_term_string}"},"query-input":{"@type":"PropertyValueSpecification","valueRequired":true,"valueName":"search_term_string"}}],"inLanguage":"en-US"},{"@type":"Organization","@id":"https:\/\/leppla-consulting.com\/#organization","name":"Leppla Consulting","url":"https:\/\/leppla-consulting.com\/","logo":{"@type":"ImageObject","inLanguage":"en-US","@id":"https:\/\/leppla-consulting.com\/#\/schema\/logo\/image\/","url":"https:\/\/leppla-consulting.com\/wp-content\/uploads\/2021\/01\/Logo.svg","contentUrl":"https:\/\/leppla-consulting.com\/wp-content\/uploads\/2021\/01\/Logo.svg","width":310,"height":101,"caption":"Leppla Consulting"},"image":{"@id":"https:\/\/leppla-consulting.com\/#\/schema\/logo\/image\/"},"sameAs":["https:\/\/www.facebook.com\/leppla.consulting","https:\/\/x.com\/kathrinleppla","https:\/\/www.instagram.com\/werteagentur\/"]}]}},"_links":{"self":[{"href":"https:\/\/leppla-consulting.com\/en\/wp-json\/wp\/v2\/pages\/10226","targetHints":{"allow":["GET"]}}],"collection":[{"href":"https:\/\/leppla-consulting.com\/en\/wp-json\/wp\/v2\/pages"}],"about":[{"href":"https:\/\/leppla-consulting.com\/en\/wp-json\/wp\/v2\/types\/page"}],"author":[{"embeddable":true,"href":"https:\/\/leppla-consulting.com\/en\/wp-json\/wp\/v2\/users\/1"}],"replies":[{"embeddable":true,"href":"https:\/\/leppla-consulting.com\/en\/wp-json\/wp\/v2\/comments?post=10226"}],"version-history":[{"count":13,"href":"https:\/\/leppla-consulting.com\/en\/wp-json\/wp\/v2\/pages\/10226\/revisions"}],"predecessor-version":[{"id":10324,"href":"https:\/\/leppla-consulting.com\/en\/wp-json\/wp\/v2\/pages\/10226\/revisions\/10324"}],"wp:attachment":[{"href":"https:\/\/leppla-consulting.com\/en\/wp-json\/wp\/v2\/media?parent=10226"}],"curies":[{"name":"wp","href":"https:\/\/api.w.org\/{rel}","templated":true}]}}